{"id":933,"date":"2023-10-26T20:20:15","date_gmt":"2023-10-26T20:20:15","guid":{"rendered":"https:\/\/system.wien\/?page_id=933"},"modified":"2024-05-17T18:39:03","modified_gmt":"2024-05-17T18:39:03","slug":"przestepstwa-z-nienawisci-w-unii-europejskiej-fra-wien","status":"publish","type":"page","link":"https:\/\/system.wien\/index.php\/publikacje\/przestepstwa-z-nienawisci-w-unii-europejskiej-fra-wien\/","title":{"rendered":"PRZEST\u0118PSTWA"},"content":{"rendered":"<h3>Przest\u0119pstwa z nienawi\u015bci w Unii Europejskiej<br \/>\nFRA FACTSHEET HATECRIME<img loading=\"lazy\" decoding=\"async\" class=\"alignleft size-full wp-image-940\" src=\"https:\/\/system.wien\/wp-content\/uploads\/2023\/10\/FRA-WiEN-scaled.jpg\" alt=\"\" width=\"1810\" height=\"2560\" srcset=\"https:\/\/system.wien\/wp-content\/uploads\/2023\/10\/FRA-WiEN-scaled.jpg 1810w, https:\/\/system.wien\/wp-content\/uploads\/2023\/10\/FRA-WiEN-212x300.jpg 212w, https:\/\/system.wien\/wp-content\/uploads\/2023\/10\/FRA-WiEN-724x1024.jpg 724w, https:\/\/system.wien\/wp-content\/uploads\/2023\/10\/FRA-WiEN-768x1086.jpg 768w, https:\/\/system.wien\/wp-content\/uploads\/2023\/10\/FRA-WiEN-1086x1536.jpg 1086w, https:\/\/system.wien\/wp-content\/uploads\/2023\/10\/FRA-WiEN-1448x2048.jpg 1448w\" sizes=\"auto, (max-width: 1810px) 100vw, 1810px\" \/><\/h3>\n","protected":false},"excerpt":{"rendered":"<p>Przest\u0119pstwa z nienawi\u015bci w Unii Europejskiej FRA FACTSHEET HATECRIME<\/p>\n","protected":false},"author":1,"featured_media":0,"parent":80,"menu_order":0,"comment_status":"closed","ping_status":"closed","template":"page-templates\/pagebuilder.php","meta":{"footnotes":""},"class_list":["post-933","page","type-page","status-publish","hentry"],"yoast_head":"<!-- This site is optimized with the Yoast SEO plugin v27.3 - https:\/\/yoast.com\/product\/yoast-seo-wordpress\/ -->\n<title>PRZEST\u0118PSTWA - System.Wien<\/title>\n<meta name=\"robots\" content=\"index, follow, max-snippet:-1, max-image-preview:large, max-video-preview:-1\" \/>\n<link rel=\"canonical\" href=\"https:\/\/system.wien\/index.php\/publikacje\/przestepstwa-z-nienawisci-w-unii-europejskiej-fra-wien\/\" \/>\n<meta property=\"og:locale\" content=\"pl_PL\" \/>\n<meta property=\"og:type\" content=\"article\" \/>\n<meta property=\"og:title\" content=\"PRZEST\u0118PSTWA - System.Wien\" \/>\n<meta property=\"og:description\" content=\"Przest\u0119pstwa z nienawi\u015bci w Unii Europejskiej FRA FACTSHEET HATECRIME\" \/>\n<meta property=\"og:url\" content=\"https:\/\/system.wien\/index.php\/publikacje\/przestepstwa-z-nienawisci-w-unii-europejskiej-fra-wien\/\" \/>\n<meta property=\"og:site_name\" content=\"System.Wien\" \/>\n<meta property=\"article:publisher\" content=\"https:\/\/www.facebook.com\/System.Wiedenski\" \/>\n<meta property=\"article:modified_time\" content=\"2024-05-17T18:39:03+00:00\" \/>\n<meta property=\"og:image\" content=\"https:\/\/system.wien\/wp-content\/uploads\/2023\/10\/FRA-WiEN-scaled.jpg\" \/>\n<meta name=\"twitter:card\" content=\"summary_large_image\" \/>\n<meta name=\"twitter:label1\" content=\"Szacowany czas czytania\" \/>\n\t<meta name=\"twitter:data1\" content=\"1 minuta\" \/>\n<script type=\"application\/ld+json\" class=\"yoast-schema-graph\">{\"@context\":\"https:\\\/\\\/schema.org\",\"@graph\":[{\"@type\":\"WebPage\",\"@id\":\"https:\\\/\\\/system.wien\\\/index.php\\\/publikacje\\\/przestepstwa-z-nienawisci-w-unii-europejskiej-fra-wien\\\/\",\"url\":\"https:\\\/\\\/system.wien\\\/index.php\\\/publikacje\\\/przestepstwa-z-nienawisci-w-unii-europejskiej-fra-wien\\\/\",\"name\":\"PRZEST\u0118PSTWA - System.Wien\",\"isPartOf\":{\"@id\":\"https:\\\/\\\/system.wien\\\/#website\"},\"primaryImageOfPage\":{\"@id\":\"https:\\\/\\\/system.wien\\\/index.php\\\/publikacje\\\/przestepstwa-z-nienawisci-w-unii-europejskiej-fra-wien\\\/#primaryimage\"},\"image\":{\"@id\":\"https:\\\/\\\/system.wien\\\/index.php\\\/publikacje\\\/przestepstwa-z-nienawisci-w-unii-europejskiej-fra-wien\\\/#primaryimage\"},\"thumbnailUrl\":\"https:\\\/\\\/system.wien\\\/wp-content\\\/uploads\\\/2023\\\/10\\\/FRA-WiEN-scaled.jpg\",\"datePublished\":\"2023-10-26T20:20:15+00:00\",\"dateModified\":\"2024-05-17T18:39:03+00:00\",\"breadcrumb\":{\"@id\":\"https:\\\/\\\/system.wien\\\/index.php\\\/publikacje\\\/przestepstwa-z-nienawisci-w-unii-europejskiej-fra-wien\\\/#breadcrumb\"},\"inLanguage\":\"pl-PL\",\"potentialAction\":[{\"@type\":\"ReadAction\",\"target\":[\"https:\\\/\\\/system.wien\\\/index.php\\\/publikacje\\\/przestepstwa-z-nienawisci-w-unii-europejskiej-fra-wien\\\/\"]}]},{\"@type\":\"ImageObject\",\"inLanguage\":\"pl-PL\",\"@id\":\"https:\\\/\\\/system.wien\\\/index.php\\\/publikacje\\\/przestepstwa-z-nienawisci-w-unii-europejskiej-fra-wien\\\/#primaryimage\",\"url\":\"https:\\\/\\\/system.wien\\\/wp-content\\\/uploads\\\/2023\\\/10\\\/FRA-WiEN-scaled.jpg\",\"contentUrl\":\"https:\\\/\\\/system.wien\\\/wp-content\\\/uploads\\\/2023\\\/10\\\/FRA-WiEN-scaled.jpg\",\"width\":1810,\"height\":2560},{\"@type\":\"BreadcrumbList\",\"@id\":\"https:\\\/\\\/system.wien\\\/index.php\\\/publikacje\\\/przestepstwa-z-nienawisci-w-unii-europejskiej-fra-wien\\\/#breadcrumb\",\"itemListElement\":[{\"@type\":\"ListItem\",\"position\":1,\"name\":\"Strona g\u0142\u00f3wna\",\"item\":\"https:\\\/\\\/system.wien\\\/\"},{\"@type\":\"ListItem\",\"position\":2,\"name\":\"Publikacje\",\"item\":\"https:\\\/\\\/system.wien\\\/index.php\\\/publikacje\\\/\"},{\"@type\":\"ListItem\",\"position\":3,\"name\":\"PRZEST\u0118PSTWA\"}]},{\"@type\":\"WebSite\",\"@id\":\"https:\\\/\\\/system.wien\\\/#website\",\"url\":\"https:\\\/\\\/system.wien\\\/\",\"name\":\"System.Wien\",\"description\":\"Innowacja jest naszym hobby\",\"publisher\":{\"@id\":\"https:\\\/\\\/system.wien\\\/#organization\"},\"potentialAction\":[{\"@type\":\"SearchAction\",\"target\":{\"@type\":\"EntryPoint\",\"urlTemplate\":\"https:\\\/\\\/system.wien\\\/?s={search_term_string}\"},\"query-input\":{\"@type\":\"PropertyValueSpecification\",\"valueRequired\":true,\"valueName\":\"search_term_string\"}}],\"inLanguage\":\"pl-PL\"},{\"@type\":\"Organization\",\"@id\":\"https:\\\/\\\/system.wien\\\/#organization\",\"name\":\"System.Wien\",\"url\":\"https:\\\/\\\/system.wien\\\/\",\"logo\":{\"@type\":\"ImageObject\",\"inLanguage\":\"pl-PL\",\"@id\":\"https:\\\/\\\/system.wien\\\/#\\\/schema\\\/logo\\\/image\\\/\",\"url\":\"https:\\\/\\\/system.wien\\\/wp-content\\\/uploads\\\/2023\\\/01\\\/cropped-cropped-Logo_-512_o-1.png\",\"contentUrl\":\"https:\\\/\\\/system.wien\\\/wp-content\\\/uploads\\\/2023\\\/01\\\/cropped-cropped-Logo_-512_o-1.png\",\"width\":222,\"height\":228,\"caption\":\"System.Wien\"},\"image\":{\"@id\":\"https:\\\/\\\/system.wien\\\/#\\\/schema\\\/logo\\\/image\\\/\"},\"sameAs\":[\"https:\\\/\\\/www.facebook.com\\\/System.Wiedenski\",\"https:\\\/\\\/www.linkedin.com\\\/company\\\/system-wiedenski\\\/\"]}]}<\/script>\n<!-- \/ Yoast SEO plugin. -->","yoast_head_json":{"title":"PRZEST\u0118PSTWA - System.Wien","robots":{"index":"index","follow":"follow","max-snippet":"max-snippet:-1","max-image-preview":"max-image-preview:large","max-video-preview":"max-video-preview:-1"},"canonical":"https:\/\/system.wien\/index.php\/publikacje\/przestepstwa-z-nienawisci-w-unii-europejskiej-fra-wien\/","og_locale":"pl_PL","og_type":"article","og_title":"PRZEST\u0118PSTWA - System.Wien","og_description":"Przest\u0119pstwa z nienawi\u015bci w Unii Europejskiej FRA FACTSHEET HATECRIME","og_url":"https:\/\/system.wien\/index.php\/publikacje\/przestepstwa-z-nienawisci-w-unii-europejskiej-fra-wien\/","og_site_name":"System.Wien","article_publisher":"https:\/\/www.facebook.com\/System.Wiedenski","article_modified_time":"2024-05-17T18:39:03+00:00","og_image":[{"url":"https:\/\/system.wien\/wp-content\/uploads\/2023\/10\/FRA-WiEN-scaled.jpg","type":"","width":"","height":""}],"twitter_card":"summary_large_image","twitter_misc":{"Szacowany czas czytania":"1 minuta"},"schema":{"@context":"https:\/\/schema.org","@graph":[{"@type":"WebPage","@id":"https:\/\/system.wien\/index.php\/publikacje\/przestepstwa-z-nienawisci-w-unii-europejskiej-fra-wien\/","url":"https:\/\/system.wien\/index.php\/publikacje\/przestepstwa-z-nienawisci-w-unii-europejskiej-fra-wien\/","name":"PRZEST\u0118PSTWA - System.Wien","isPartOf":{"@id":"https:\/\/system.wien\/#website"},"primaryImageOfPage":{"@id":"https:\/\/system.wien\/index.php\/publikacje\/przestepstwa-z-nienawisci-w-unii-europejskiej-fra-wien\/#primaryimage"},"image":{"@id":"https:\/\/system.wien\/index.php\/publikacje\/przestepstwa-z-nienawisci-w-unii-europejskiej-fra-wien\/#primaryimage"},"thumbnailUrl":"https:\/\/system.wien\/wp-content\/uploads\/2023\/10\/FRA-WiEN-scaled.jpg","datePublished":"2023-10-26T20:20:15+00:00","dateModified":"2024-05-17T18:39:03+00:00","breadcrumb":{"@id":"https:\/\/system.wien\/index.php\/publikacje\/przestepstwa-z-nienawisci-w-unii-europejskiej-fra-wien\/#breadcrumb"},"inLanguage":"pl-PL","potentialAction":[{"@type":"ReadAction","target":["https:\/\/system.wien\/index.php\/publikacje\/przestepstwa-z-nienawisci-w-unii-europejskiej-fra-wien\/"]}]},{"@type":"ImageObject","inLanguage":"pl-PL","@id":"https:\/\/system.wien\/index.php\/publikacje\/przestepstwa-z-nienawisci-w-unii-europejskiej-fra-wien\/#primaryimage","url":"https:\/\/system.wien\/wp-content\/uploads\/2023\/10\/FRA-WiEN-scaled.jpg","contentUrl":"https:\/\/system.wien\/wp-content\/uploads\/2023\/10\/FRA-WiEN-scaled.jpg","width":1810,"height":2560},{"@type":"BreadcrumbList","@id":"https:\/\/system.wien\/index.php\/publikacje\/przestepstwa-z-nienawisci-w-unii-europejskiej-fra-wien\/#breadcrumb","itemListElement":[{"@type":"ListItem","position":1,"name":"Strona g\u0142\u00f3wna","item":"https:\/\/system.wien\/"},{"@type":"ListItem","position":2,"name":"Publikacje","item":"https:\/\/system.wien\/index.php\/publikacje\/"},{"@type":"ListItem","position":3,"name":"PRZEST\u0118PSTWA"}]},{"@type":"WebSite","@id":"https:\/\/system.wien\/#website","url":"https:\/\/system.wien\/","name":"System.Wien","description":"Innowacja jest naszym hobby","publisher":{"@id":"https:\/\/system.wien\/#organization"},"potentialAction":[{"@type":"SearchAction","target":{"@type":"EntryPoint","urlTemplate":"https:\/\/system.wien\/?s={search_term_string}"},"query-input":{"@type":"PropertyValueSpecification","valueRequired":true,"valueName":"search_term_string"}}],"inLanguage":"pl-PL"},{"@type":"Organization","@id":"https:\/\/system.wien\/#organization","name":"System.Wien","url":"https:\/\/system.wien\/","logo":{"@type":"ImageObject","inLanguage":"pl-PL","@id":"https:\/\/system.wien\/#\/schema\/logo\/image\/","url":"https:\/\/system.wien\/wp-content\/uploads\/2023\/01\/cropped-cropped-Logo_-512_o-1.png","contentUrl":"https:\/\/system.wien\/wp-content\/uploads\/2023\/01\/cropped-cropped-Logo_-512_o-1.png","width":222,"height":228,"caption":"System.Wien"},"image":{"@id":"https:\/\/system.wien\/#\/schema\/logo\/image\/"},"sameAs":["https:\/\/www.facebook.com\/System.Wiedenski","https:\/\/www.linkedin.com\/company\/system-wiedenski\/"]}]}},"_links":{"self":[{"href":"https:\/\/system.wien\/index.php\/wp-json\/wp\/v2\/pages\/933","targetHints":{"allow":["GET"]}}],"collection":[{"href":"https:\/\/system.wien\/index.php\/wp-json\/wp\/v2\/pages"}],"about":[{"href":"https:\/\/system.wien\/index.php\/wp-json\/wp\/v2\/types\/page"}],"author":[{"embeddable":true,"href":"https:\/\/system.wien\/index.php\/wp-json\/wp\/v2\/users\/1"}],"replies":[{"embeddable":true,"href":"https:\/\/system.wien\/index.php\/wp-json\/wp\/v2\/comments?post=933"}],"version-history":[{"count":7,"href":"https:\/\/system.wien\/index.php\/wp-json\/wp\/v2\/pages\/933\/revisions"}],"predecessor-version":[{"id":1243,"href":"https:\/\/system.wien\/index.php\/wp-json\/wp\/v2\/pages\/933\/revisions\/1243"}],"up":[{"embeddable":true,"href":"https:\/\/system.wien\/index.php\/wp-json\/wp\/v2\/pages\/80"}],"wp:attachment":[{"href":"https:\/\/system.wien\/index.php\/wp-json\/wp\/v2\/media?parent=933"}],"curies":[{"name":"wp","href":"https:\/\/api.w.org\/{rel}","templated":true}]}}