{"id":9,"date":"2023-01-04T19:16:14","date_gmt":"2023-01-04T19:16:14","guid":{"rendered":"https:\/\/system.wien\/index.php\/home\/"},"modified":"2023-06-05T10:24:45","modified_gmt":"2023-06-05T10:24:45","slug":"fundament","status":"publish","type":"page","link":"https:\/\/system.wien\/","title":{"rendered":"O nas"},"content":{"rendered":"<h3>Innowacja jest naszym hobby<\/h3>\n<p>Jeste\u015bmy zespo\u0142em ludzi pe\u0142nych pasji, kt\u00f3rych celem jest poprawa (podnoszenie) warunk\u00f3w \u017cycia obecnych i przysz\u0142ych pokole\u0144. Wynika to z charakteru dzia\u0142alno\u015bci in\u017cynierskiej (technicznej) i odpowiedzialno\u015bci za pozytywne skutki dla ochrony dobrobytu spo\u0142ecze\u0144stwa, ochrony \u015brodowiska, post\u0119pu technicznego i zr\u00f3wnowa\u017conego rozwoju. Poszukujemy dobrych rozwi\u0105za\u0144. Nieprzerwanie udoskonalamy i wdra\u017camy SYSTEM WiEDE\u0143SKI, kt\u00f3ry decyduje o minimalizacji czasu i koszt\u00f3w budowy na etapie rob\u00f3t ziemnych. Realizujemy us\u0142ugi w zakresie posadowienia obiekt\u00f3w. Wkr\u0119camy do gruntu fundament \u015brubowy.<\/p>\n<p>&nbsp;<\/p>\n<p><iframe loading=\"lazy\" title=\"Fundament \u015arubowy [System.Wien] pod obiekt kontenerowy\" src=\"https:\/\/www.youtube.com\/embed\/TY-a-G55U7A\" width=\"1280\" height=\"720\" frameborder=\"0\" allowfullscreen=\"allowfullscreen\"><\/iframe><\/p>\n<p><iframe loading=\"lazy\" title=\"Fundament \u015arubowy [System.Wien] pod obiekt kontenerowy (szatnia)\" src=\"https:\/\/www.youtube.com\/embed\/xskvcL4DTZA\" width=\"1280\" height=\"720\" frameborder=\"0\" allowfullscreen=\"allowfullscreen\"><\/iframe><\/p>\n<p><iframe loading=\"lazy\" title=\"Austria, BISAMBERG k. Wiednia \u2013 wymiana fundamentu ogrodzenia na System WiEN\" src=\"https:\/\/www.youtube.com\/embed\/UYKVdx8NHJ0\" width=\"1280\" height=\"720\" frameborder=\"0\" allowfullscreen=\"allowfullscreen\"><\/iframe><\/p>\n","protected":false},"excerpt":{"rendered":"<p>Innowacja jest naszym hobby Jeste\u015bmy zespo\u0142em ludzi pe\u0142nych pasji, kt\u00f3rych celem jest poprawa (podnoszenie) warunk\u00f3w \u017cycia obecnych i przysz\u0142ych pokole\u0144. Wynika to z charakteru dzia\u0142alno\u015bci in\u017cynierskiej (technicznej) i odpowiedzialno\u015bci za<\/p>\n<p><a href=\"https:\/\/system.wien\/\" class=\"more-link\">Continue Reading<span class=\"screen-reader-text\">O nas<\/span><\/a><\/p>\n","protected":false},"author":1,"featured_media":0,"parent":0,"menu_order":0,"comment_status":"closed","ping_status":"closed","template":"page-templates\/pagebuilder.php","meta":{"footnotes":""},"class_list":["post-9","page","type-page","status-publish","hentry"],"yoast_head":"<!-- This site is optimized with the Yoast SEO plugin v27.3 - https:\/\/yoast.com\/product\/yoast-seo-wordpress\/ -->\n<title>O nas - System.Wien<\/title>\n<meta name=\"description\" content=\"fundament\" \/>\n<meta name=\"robots\" content=\"index, follow, max-snippet:-1, max-image-preview:large, max-video-preview:-1\" \/>\n<link rel=\"canonical\" href=\"https:\/\/system.wien\/\" \/>\n<meta property=\"og:locale\" content=\"pl_PL\" \/>\n<meta property=\"og:type\" content=\"article\" \/>\n<meta property=\"og:title\" content=\"O nas - System.Wien\" \/>\n<meta property=\"og:description\" content=\"fundament\" \/>\n<meta property=\"og:url\" content=\"https:\/\/system.wien\/\" \/>\n<meta property=\"og:site_name\" content=\"System.Wien\" \/>\n<meta property=\"article:publisher\" content=\"https:\/\/www.facebook.com\/System.Wiedenski\" \/>\n<meta property=\"article:modified_time\" content=\"2023-06-05T10:24:45+00:00\" \/>\n<meta name=\"twitter:card\" content=\"summary_large_image\" \/>\n<meta name=\"twitter:label1\" content=\"Szacowany czas czytania\" \/>\n\t<meta name=\"twitter:data1\" content=\"1 minuta\" \/>\n<script type=\"application\/ld+json\" class=\"yoast-schema-graph\">{\"@context\":\"https:\\\/\\\/schema.org\",\"@graph\":[{\"@type\":\"WebPage\",\"@id\":\"https:\\\/\\\/system.wien\\\/\",\"url\":\"https:\\\/\\\/system.wien\\\/\",\"name\":\"O nas - System.Wien\",\"isPartOf\":{\"@id\":\"https:\\\/\\\/system.wien\\\/#website\"},\"datePublished\":\"2023-01-04T19:16:14+00:00\",\"dateModified\":\"2023-06-05T10:24:45+00:00\",\"description\":\"fundament\",\"breadcrumb\":{\"@id\":\"https:\\\/\\\/system.wien\\\/#breadcrumb\"},\"inLanguage\":\"pl-PL\",\"potentialAction\":[{\"@type\":\"ReadAction\",\"target\":[\"https:\\\/\\\/system.wien\\\/\"]}]},{\"@type\":\"BreadcrumbList\",\"@id\":\"https:\\\/\\\/system.wien\\\/#breadcrumb\",\"itemListElement\":[{\"@type\":\"ListItem\",\"position\":1,\"name\":\"Strona g\u0142\u00f3wna\",\"item\":\"https:\\\/\\\/system.wien\\\/\"},{\"@type\":\"ListItem\",\"position\":2,\"name\":\"O nas\"}]},{\"@type\":\"WebSite\",\"@id\":\"https:\\\/\\\/system.wien\\\/#website\",\"url\":\"https:\\\/\\\/system.wien\\\/\",\"name\":\"System.Wien\",\"description\":\"Innowacja jest naszym hobby\",\"publisher\":{\"@id\":\"https:\\\/\\\/system.wien\\\/#organization\"},\"potentialAction\":[{\"@type\":\"SearchAction\",\"target\":{\"@type\":\"EntryPoint\",\"urlTemplate\":\"https:\\\/\\\/system.wien\\\/?s={search_term_string}\"},\"query-input\":{\"@type\":\"PropertyValueSpecification\",\"valueRequired\":true,\"valueName\":\"search_term_string\"}}],\"inLanguage\":\"pl-PL\"},{\"@type\":\"Organization\",\"@id\":\"https:\\\/\\\/system.wien\\\/#organization\",\"name\":\"System.Wien\",\"url\":\"https:\\\/\\\/system.wien\\\/\",\"logo\":{\"@type\":\"ImageObject\",\"inLanguage\":\"pl-PL\",\"@id\":\"https:\\\/\\\/system.wien\\\/#\\\/schema\\\/logo\\\/image\\\/\",\"url\":\"https:\\\/\\\/system.wien\\\/wp-content\\\/uploads\\\/2023\\\/01\\\/cropped-cropped-Logo_-512_o-1.png\",\"contentUrl\":\"https:\\\/\\\/system.wien\\\/wp-content\\\/uploads\\\/2023\\\/01\\\/cropped-cropped-Logo_-512_o-1.png\",\"width\":222,\"height\":228,\"caption\":\"System.Wien\"},\"image\":{\"@id\":\"https:\\\/\\\/system.wien\\\/#\\\/schema\\\/logo\\\/image\\\/\"},\"sameAs\":[\"https:\\\/\\\/www.facebook.com\\\/System.Wiedenski\",\"https:\\\/\\\/www.linkedin.com\\\/company\\\/system-wiedenski\\\/\"]}]}<\/script>\n<!-- \/ Yoast SEO plugin. -->","yoast_head_json":{"title":"O nas - System.Wien","description":"fundament","robots":{"index":"index","follow":"follow","max-snippet":"max-snippet:-1","max-image-preview":"max-image-preview:large","max-video-preview":"max-video-preview:-1"},"canonical":"https:\/\/system.wien\/","og_locale":"pl_PL","og_type":"article","og_title":"O nas - System.Wien","og_description":"fundament","og_url":"https:\/\/system.wien\/","og_site_name":"System.Wien","article_publisher":"https:\/\/www.facebook.com\/System.Wiedenski","article_modified_time":"2023-06-05T10:24:45+00:00","twitter_card":"summary_large_image","twitter_misc":{"Szacowany czas czytania":"1 minuta"},"schema":{"@context":"https:\/\/schema.org","@graph":[{"@type":"WebPage","@id":"https:\/\/system.wien\/","url":"https:\/\/system.wien\/","name":"O nas - System.Wien","isPartOf":{"@id":"https:\/\/system.wien\/#website"},"datePublished":"2023-01-04T19:16:14+00:00","dateModified":"2023-06-05T10:24:45+00:00","description":"fundament","breadcrumb":{"@id":"https:\/\/system.wien\/#breadcrumb"},"inLanguage":"pl-PL","potentialAction":[{"@type":"ReadAction","target":["https:\/\/system.wien\/"]}]},{"@type":"BreadcrumbList","@id":"https:\/\/system.wien\/#breadcrumb","itemListElement":[{"@type":"ListItem","position":1,"name":"Strona g\u0142\u00f3wna","item":"https:\/\/system.wien\/"},{"@type":"ListItem","position":2,"name":"O nas"}]},{"@type":"WebSite","@id":"https:\/\/system.wien\/#website","url":"https:\/\/system.wien\/","name":"System.Wien","description":"Innowacja jest naszym hobby","publisher":{"@id":"https:\/\/system.wien\/#organization"},"potentialAction":[{"@type":"SearchAction","target":{"@type":"EntryPoint","urlTemplate":"https:\/\/system.wien\/?s={search_term_string}"},"query-input":{"@type":"PropertyValueSpecification","valueRequired":true,"valueName":"search_term_string"}}],"inLanguage":"pl-PL"},{"@type":"Organization","@id":"https:\/\/system.wien\/#organization","name":"System.Wien","url":"https:\/\/system.wien\/","logo":{"@type":"ImageObject","inLanguage":"pl-PL","@id":"https:\/\/system.wien\/#\/schema\/logo\/image\/","url":"https:\/\/system.wien\/wp-content\/uploads\/2023\/01\/cropped-cropped-Logo_-512_o-1.png","contentUrl":"https:\/\/system.wien\/wp-content\/uploads\/2023\/01\/cropped-cropped-Logo_-512_o-1.png","width":222,"height":228,"caption":"System.Wien"},"image":{"@id":"https:\/\/system.wien\/#\/schema\/logo\/image\/"},"sameAs":["https:\/\/www.facebook.com\/System.Wiedenski","https:\/\/www.linkedin.com\/company\/system-wiedenski\/"]}]}},"_links":{"self":[{"href":"https:\/\/system.wien\/index.php\/wp-json\/wp\/v2\/pages\/9","targetHints":{"allow":["GET"]}}],"collection":[{"href":"https:\/\/system.wien\/index.php\/wp-json\/wp\/v2\/pages"}],"about":[{"href":"https:\/\/system.wien\/index.php\/wp-json\/wp\/v2\/types\/page"}],"author":[{"embeddable":true,"href":"https:\/\/system.wien\/index.php\/wp-json\/wp\/v2\/users\/1"}],"replies":[{"embeddable":true,"href":"https:\/\/system.wien\/index.php\/wp-json\/wp\/v2\/comments?post=9"}],"version-history":[{"count":9,"href":"https:\/\/system.wien\/index.php\/wp-json\/wp\/v2\/pages\/9\/revisions"}],"predecessor-version":[{"id":400,"href":"https:\/\/system.wien\/index.php\/wp-json\/wp\/v2\/pages\/9\/revisions\/400"}],"wp:attachment":[{"href":"https:\/\/system.wien\/index.php\/wp-json\/wp\/v2\/media?parent=9"}],"curies":[{"name":"wp","href":"https:\/\/api.w.org\/{rel}","templated":true}]}}