{"id":854,"date":"2023-10-12T09:50:18","date_gmt":"2023-10-12T09:50:18","guid":{"rendered":"https:\/\/system.wien\/?page_id=854"},"modified":"2025-02-21T18:41:41","modified_gmt":"2025-02-21T18:41:41","slug":"fundamentuj-beach-bar","status":"publish","type":"page","link":"https:\/\/system.wien\/index.php\/oferta\/fundamentuj-beach-bar\/","title":{"rendered":"FUNDAMENTUJ Beach BAR"},"content":{"rendered":"<h3>HOTEL &amp; RESTAURACJA + PLA\u017bA = <span style=\"color: #ff0000;\">Beach BAR<\/span><\/h3>\n<p>Planowane w 2024 zadania inwestycyjne zg\u0142asza\u0107 prosz\u0119 online w eMail: <span style=\"color: #0000ff;\"><a style=\"color: #0000ff;\" href=\"mailto:beach@posadowienie.pl\">beach@posadowienie.pl<\/a><\/span><\/p>\n<p><a href=\"posadowienie\"><span style=\"color: #0000ff;\">posadowienie<\/span><\/a> \u00a0\u00a0Beach BAR\u00a0\u00a0<span style=\"color: #0000ff;\"> <a style=\"color: #0000ff;\" href=\"https:\/\/konsultujemy.online\">konsultujemy.online<\/a><\/span><\/p>\n<p><a href=\"groundscrew\"><span style=\"color: #0000ff;\">groundscrew@system.wien<\/span><\/a> + <span style=\"color: #0000ff;\"><a style=\"color: #0000ff;\" href=\"schraubfundament\">schraubfundament@system.wien<\/a><\/span> + <span style=\"color: #0000ff;\"><a style=\"color: #0000ff;\" href=\"https:\/\/system.wien\">fundament@system.wien<\/a><\/span>\u00a0= <a href=\"mailto:system@wiedenski.online\">system@wiedenski.online<\/a><\/p>\n<p><span style=\"color: #0000ff;\"><a style=\"color: #0000ff;\" href=\"mailto:beach@fundamentuj.pl\">beach@fundamentuj.pl<\/a>\u00a0<\/span>\u00a0 z nami \ud83d\ude09<\/p>\n<p>Zapraszamy do wsp\u00f3\u0142pracy (od <strong>15. Kwiecie\u0144<\/strong> do <strong>15. Pa\u017adziernik<\/strong> = <span style=\"color: #ff0000;\">SERWIS<\/span> 24\/7)<\/p>\n<p>PS<\/p>\n<p>GEOSYNTETYKI (produkt polski): tymczasowe ci\u0105gi pieszo \u2013 rowerowe<\/p>\n<p><span style=\"color: #0000ff;\"><a style=\"color: #0000ff;\" href=\"https:\/\/server103956.nazwa.pl\/TKACZ\/2023-10-19_GEOSYNTETYKI-PAS-TECHNICZNY-PLAZA.pdf\">GEOSYNTETYKI-PAS-TECHNICZNY-PLAZA.pdf<\/a><\/span><\/p>\n","protected":false},"excerpt":{"rendered":"<p>HOTEL &amp; RESTAURACJA + PLA\u017bA = Beach BAR Planowane w 2024 zadania inwestycyjne zg\u0142asza\u0107 prosz\u0119 online w eMail: beach@posadowienie.pl posadowienie \u00a0\u00a0Beach BAR\u00a0\u00a0 konsultujemy.online groundscrew@system.wien + schraubfundament@system.wien + fundament@system.wien\u00a0= system@wiedenski.online beach@fundamentuj.pl\u00a0\u00a0<\/p>\n<p><a href=\"https:\/\/system.wien\/index.php\/oferta\/fundamentuj-beach-bar\/\" class=\"more-link\">Continue Reading<span class=\"screen-reader-text\">FUNDAMENTUJ Beach BAR<\/span><\/a><\/p>\n","protected":false},"author":1,"featured_media":0,"parent":77,"menu_order":0,"comment_status":"closed","ping_status":"closed","template":"page-templates\/pagebuilder.php","meta":{"footnotes":""},"class_list":["post-854","page","type-page","status-publish","hentry"],"yoast_head":"<!-- This site is optimized with the Yoast SEO plugin v27.3 - https:\/\/yoast.com\/product\/yoast-seo-wordpress\/ -->\n<title>FUNDAMENTUJ Beach BAR - System.Wien<\/title>\n<meta name=\"robots\" content=\"index, follow, max-snippet:-1, max-image-preview:large, max-video-preview:-1\" \/>\n<link rel=\"canonical\" href=\"https:\/\/system.wien\/index.php\/oferta\/fundamentuj-beach-bar\/\" \/>\n<meta property=\"og:locale\" content=\"pl_PL\" \/>\n<meta property=\"og:type\" content=\"article\" \/>\n<meta property=\"og:title\" content=\"FUNDAMENTUJ Beach BAR - System.Wien\" \/>\n<meta property=\"og:description\" content=\"HOTEL &amp; RESTAURACJA + PLA\u017bA = Beach BAR Planowane w 2024 zadania inwestycyjne zg\u0142asza\u0107 prosz\u0119 online w eMail: beach@posadowienie.pl posadowienie \u00a0\u00a0Beach BAR\u00a0\u00a0 konsultujemy.online groundscrew@system.wien + schraubfundament@system.wien + fundament@system.wien\u00a0= system@wiedenski.online beach@fundamentuj.pl\u00a0\u00a0Continue ReadingFUNDAMENTUJ Beach BAR\" \/>\n<meta property=\"og:url\" content=\"https:\/\/system.wien\/index.php\/oferta\/fundamentuj-beach-bar\/\" \/>\n<meta property=\"og:site_name\" content=\"System.Wien\" \/>\n<meta property=\"article:publisher\" content=\"https:\/\/www.facebook.com\/System.Wiedenski\" \/>\n<meta property=\"article:modified_time\" content=\"2025-02-21T18:41:41+00:00\" \/>\n<meta name=\"twitter:card\" content=\"summary_large_image\" \/>\n<meta name=\"twitter:label1\" content=\"Szacowany czas czytania\" \/>\n\t<meta name=\"twitter:data1\" content=\"1 minuta\" \/>\n<script type=\"application\/ld+json\" class=\"yoast-schema-graph\">{\"@context\":\"https:\\\/\\\/schema.org\",\"@graph\":[{\"@type\":\"WebPage\",\"@id\":\"https:\\\/\\\/system.wien\\\/index.php\\\/oferta\\\/fundamentuj-beach-bar\\\/\",\"url\":\"https:\\\/\\\/system.wien\\\/index.php\\\/oferta\\\/fundamentuj-beach-bar\\\/\",\"name\":\"FUNDAMENTUJ Beach BAR - System.Wien\",\"isPartOf\":{\"@id\":\"https:\\\/\\\/system.wien\\\/#website\"},\"datePublished\":\"2023-10-12T09:50:18+00:00\",\"dateModified\":\"2025-02-21T18:41:41+00:00\",\"breadcrumb\":{\"@id\":\"https:\\\/\\\/system.wien\\\/index.php\\\/oferta\\\/fundamentuj-beach-bar\\\/#breadcrumb\"},\"inLanguage\":\"pl-PL\",\"potentialAction\":[{\"@type\":\"ReadAction\",\"target\":[\"https:\\\/\\\/system.wien\\\/index.php\\\/oferta\\\/fundamentuj-beach-bar\\\/\"]}]},{\"@type\":\"BreadcrumbList\",\"@id\":\"https:\\\/\\\/system.wien\\\/index.php\\\/oferta\\\/fundamentuj-beach-bar\\\/#breadcrumb\",\"itemListElement\":[{\"@type\":\"ListItem\",\"position\":1,\"name\":\"Strona g\u0142\u00f3wna\",\"item\":\"https:\\\/\\\/system.wien\\\/\"},{\"@type\":\"ListItem\",\"position\":2,\"name\":\"Oferta\",\"item\":\"https:\\\/\\\/system.wien\\\/index.php\\\/oferta\\\/\"},{\"@type\":\"ListItem\",\"position\":3,\"name\":\"FUNDAMENTUJ Beach BAR\"}]},{\"@type\":\"WebSite\",\"@id\":\"https:\\\/\\\/system.wien\\\/#website\",\"url\":\"https:\\\/\\\/system.wien\\\/\",\"name\":\"System.Wien\",\"description\":\"Innowacja jest naszym hobby\",\"publisher\":{\"@id\":\"https:\\\/\\\/system.wien\\\/#organization\"},\"potentialAction\":[{\"@type\":\"SearchAction\",\"target\":{\"@type\":\"EntryPoint\",\"urlTemplate\":\"https:\\\/\\\/system.wien\\\/?s={search_term_string}\"},\"query-input\":{\"@type\":\"PropertyValueSpecification\",\"valueRequired\":true,\"valueName\":\"search_term_string\"}}],\"inLanguage\":\"pl-PL\"},{\"@type\":\"Organization\",\"@id\":\"https:\\\/\\\/system.wien\\\/#organization\",\"name\":\"System.Wien\",\"url\":\"https:\\\/\\\/system.wien\\\/\",\"logo\":{\"@type\":\"ImageObject\",\"inLanguage\":\"pl-PL\",\"@id\":\"https:\\\/\\\/system.wien\\\/#\\\/schema\\\/logo\\\/image\\\/\",\"url\":\"https:\\\/\\\/system.wien\\\/wp-content\\\/uploads\\\/2023\\\/01\\\/cropped-cropped-Logo_-512_o-1.png\",\"contentUrl\":\"https:\\\/\\\/system.wien\\\/wp-content\\\/uploads\\\/2023\\\/01\\\/cropped-cropped-Logo_-512_o-1.png\",\"width\":222,\"height\":228,\"caption\":\"System.Wien\"},\"image\":{\"@id\":\"https:\\\/\\\/system.wien\\\/#\\\/schema\\\/logo\\\/image\\\/\"},\"sameAs\":[\"https:\\\/\\\/www.facebook.com\\\/System.Wiedenski\",\"https:\\\/\\\/www.linkedin.com\\\/company\\\/system-wiedenski\\\/\"]}]}<\/script>\n<!-- \/ Yoast SEO plugin. -->","yoast_head_json":{"title":"FUNDAMENTUJ Beach BAR - System.Wien","robots":{"index":"index","follow":"follow","max-snippet":"max-snippet:-1","max-image-preview":"max-image-preview:large","max-video-preview":"max-video-preview:-1"},"canonical":"https:\/\/system.wien\/index.php\/oferta\/fundamentuj-beach-bar\/","og_locale":"pl_PL","og_type":"article","og_title":"FUNDAMENTUJ Beach BAR - System.Wien","og_description":"HOTEL &amp; RESTAURACJA + PLA\u017bA = Beach BAR Planowane w 2024 zadania inwestycyjne zg\u0142asza\u0107 prosz\u0119 online w eMail: beach@posadowienie.pl posadowienie \u00a0\u00a0Beach BAR\u00a0\u00a0 konsultujemy.online groundscrew@system.wien + schraubfundament@system.wien + fundament@system.wien\u00a0= system@wiedenski.online beach@fundamentuj.pl\u00a0\u00a0Continue ReadingFUNDAMENTUJ Beach BAR","og_url":"https:\/\/system.wien\/index.php\/oferta\/fundamentuj-beach-bar\/","og_site_name":"System.Wien","article_publisher":"https:\/\/www.facebook.com\/System.Wiedenski","article_modified_time":"2025-02-21T18:41:41+00:00","twitter_card":"summary_large_image","twitter_misc":{"Szacowany czas czytania":"1 minuta"},"schema":{"@context":"https:\/\/schema.org","@graph":[{"@type":"WebPage","@id":"https:\/\/system.wien\/index.php\/oferta\/fundamentuj-beach-bar\/","url":"https:\/\/system.wien\/index.php\/oferta\/fundamentuj-beach-bar\/","name":"FUNDAMENTUJ Beach BAR - System.Wien","isPartOf":{"@id":"https:\/\/system.wien\/#website"},"datePublished":"2023-10-12T09:50:18+00:00","dateModified":"2025-02-21T18:41:41+00:00","breadcrumb":{"@id":"https:\/\/system.wien\/index.php\/oferta\/fundamentuj-beach-bar\/#breadcrumb"},"inLanguage":"pl-PL","potentialAction":[{"@type":"ReadAction","target":["https:\/\/system.wien\/index.php\/oferta\/fundamentuj-beach-bar\/"]}]},{"@type":"BreadcrumbList","@id":"https:\/\/system.wien\/index.php\/oferta\/fundamentuj-beach-bar\/#breadcrumb","itemListElement":[{"@type":"ListItem","position":1,"name":"Strona g\u0142\u00f3wna","item":"https:\/\/system.wien\/"},{"@type":"ListItem","position":2,"name":"Oferta","item":"https:\/\/system.wien\/index.php\/oferta\/"},{"@type":"ListItem","position":3,"name":"FUNDAMENTUJ Beach BAR"}]},{"@type":"WebSite","@id":"https:\/\/system.wien\/#website","url":"https:\/\/system.wien\/","name":"System.Wien","description":"Innowacja jest naszym hobby","publisher":{"@id":"https:\/\/system.wien\/#organization"},"potentialAction":[{"@type":"SearchAction","target":{"@type":"EntryPoint","urlTemplate":"https:\/\/system.wien\/?s={search_term_string}"},"query-input":{"@type":"PropertyValueSpecification","valueRequired":true,"valueName":"search_term_string"}}],"inLanguage":"pl-PL"},{"@type":"Organization","@id":"https:\/\/system.wien\/#organization","name":"System.Wien","url":"https:\/\/system.wien\/","logo":{"@type":"ImageObject","inLanguage":"pl-PL","@id":"https:\/\/system.wien\/#\/schema\/logo\/image\/","url":"https:\/\/system.wien\/wp-content\/uploads\/2023\/01\/cropped-cropped-Logo_-512_o-1.png","contentUrl":"https:\/\/system.wien\/wp-content\/uploads\/2023\/01\/cropped-cropped-Logo_-512_o-1.png","width":222,"height":228,"caption":"System.Wien"},"image":{"@id":"https:\/\/system.wien\/#\/schema\/logo\/image\/"},"sameAs":["https:\/\/www.facebook.com\/System.Wiedenski","https:\/\/www.linkedin.com\/company\/system-wiedenski\/"]}]}},"_links":{"self":[{"href":"https:\/\/system.wien\/index.php\/wp-json\/wp\/v2\/pages\/854","targetHints":{"allow":["GET"]}}],"collection":[{"href":"https:\/\/system.wien\/index.php\/wp-json\/wp\/v2\/pages"}],"about":[{"href":"https:\/\/system.wien\/index.php\/wp-json\/wp\/v2\/types\/page"}],"author":[{"embeddable":true,"href":"https:\/\/system.wien\/index.php\/wp-json\/wp\/v2\/users\/1"}],"replies":[{"embeddable":true,"href":"https:\/\/system.wien\/index.php\/wp-json\/wp\/v2\/comments?post=854"}],"version-history":[{"count":9,"href":"https:\/\/system.wien\/index.php\/wp-json\/wp\/v2\/pages\/854\/revisions"}],"predecessor-version":[{"id":1327,"href":"https:\/\/system.wien\/index.php\/wp-json\/wp\/v2\/pages\/854\/revisions\/1327"}],"up":[{"embeddable":true,"href":"https:\/\/system.wien\/index.php\/wp-json\/wp\/v2\/pages\/77"}],"wp:attachment":[{"href":"https:\/\/system.wien\/index.php\/wp-json\/wp\/v2\/media?parent=854"}],"curies":[{"name":"wp","href":"https:\/\/api.w.org\/{rel}","templated":true}]}}