{"id":1358,"date":"2025-11-23T18:23:10","date_gmt":"2025-11-23T18:23:10","guid":{"rendered":"https:\/\/system.wien\/?page_id=1358"},"modified":"2025-11-23T18:23:10","modified_gmt":"2025-11-23T18:23:10","slug":"drogi-notatki-studenta-1991","status":"publish","type":"page","link":"https:\/\/system.wien\/index.php\/pliki-do-pobrania\/notatnik-studenta-wyklady\/drogi-notatki-studenta-1991\/","title":{"rendered":"DROGI (notatki studenta) 1991+"},"content":{"rendered":"<h3><span style=\"color: #ff0000;\"><strong>DROGI<\/strong><\/span> (notatki)<br \/>\n<a href=\"https:\/\/server103956.nazwa.pl\/TKACZ\/1991\/drogi.pdf\">https:\/\/server103956.nazwa.pl\/TKACZ\/1991\/drogi.pdf<\/a><\/h3>\n<p><strong>Str. 1<\/strong> \u00a0\u00a0 DROGA, ULICA, JEZDNIA<br \/>\n<strong>Str. 2<\/strong> \u00a0\u00a0 IN\u017bYNIERIA RUCHU, PR\u0118DKO\u015a\u0106 PROJEKTOWA, PAS RUCHU, SKRAJNIA POJAZDU<br \/>\n<strong>Str. 3<\/strong> \u00a0\u00a0 POCHYLENIE<br \/>\n<strong>Str. 4<\/strong> \u00a0\u00a0 DROGA WIELOPASOWA, SKRZY\u017bOWANIE, W\u0118ZE\u0141, PRZEJAZD<br \/>\n<strong>Str. 5<\/strong> \u00a0\u00a0 PR\u0118DKO\u015a\u0106 WZGL\u0118DNA W PUNKCIE<br \/>\n<strong>Str. 6\u00a0\u00a0\u00a0 <\/strong>WSKA\u0179NIK UTRUDNIENIA RUCHU \u201eM\u201d<br \/>\n<strong>Str. 7\u00a0\u00a0\u00a0 <\/strong>ZASADY TRASOWANIA DR\u00d3G i ULIC, PR\u0118DKO\u015a\u0106 OPERACYJNA<br \/>\n<strong>Str. 8<\/strong> \u00a0\u00a0 TRASOWANIE TECHNICZNE MUSI UWZGL\u0118DNIA\u0106<br \/>\n<strong>Str. 12\u00a0 <\/strong>ELEMENTY DROGI, ELEMENTY TRASY<br \/>\n<strong>Str. 14<\/strong>\u00a0 NIWELETA<br \/>\n<strong>Str. 16\u00a0 <\/strong>ZASADY PROJEKTOWANIA NIWELETY<br \/>\n<strong>Str. 18\u00a0 <\/strong>R\u00d3WNANIE RUCHU POJAZD\u00d3W SAMOCHODOWYCH<br \/>\n<strong>Str. 25\u00a0 <\/strong>DROGA HAMOWANIA<br \/>\n<strong>Str. 27\u00a0 <\/strong>SYGNALIZACJA \u015aWIETLNA<br \/>\n<strong>Str. 30<\/strong>\u00a0 UPROSZCZENIA W OBL. POWIERZCHNI<br \/>\n<strong>Str. 31\u00a0 <\/strong>METODA DOK\u0141ADNA. PRZEKR\u00d3J ZEROWY ROB\u00d3T ZIEMNYCH<br \/>\n<strong>Str. 32\u00a0 <\/strong>SKRZY\u017bOWANIA i W\u0118Z\u0141Y<br \/>\n<strong>Str. 33<\/strong>\u00a0 ROBOTY ZIEMNE<br \/>\n<strong>Str. 34\u00a0 <\/strong>ZASADA RUCHU PIESZEGO. PROMIENIE KOSZOWE<br \/>\n<strong>Str. 35\u00a0 <\/strong>PODSTAWOWE ZASADY i CECHY RUCHU KANALIZOWANEGO<br \/>\n<strong>Str. 37<\/strong>\u00a0 W\u0118Z\u0141Y DROGOWE<br \/>\n<strong>Str. 38\u00a0 <\/strong>PROJEKTOWANIE \u0141UK\u00d3W POZIOMYCH<br \/>\n<strong>Str. 40<\/strong>\u00a0 WARUNEK STATECZNO\u015aCI SAMOCHODU<br \/>\n<strong>Str. 42\u00a0 <\/strong>WIDOCZNO\u015a\u0106 W WYKOPIE<br \/>\n<strong>Str. 44<\/strong>\u00a0 ZAGADNIENIA KRZYWEJ PRZEJ\u015aCIOWEJ<br \/>\n<strong>Str. 49<\/strong>\u00a0 TYCZENIE KRZYWEJ<br \/>\n<strong>Str. 50\u00a0 <\/strong>\u0141UKI PIONOWE<br \/>\n<strong>Str. 51\u00a0 <\/strong>\u0141UK PIONOWY WKL\u0118S\u0141Y<\/p>\n","protected":false},"excerpt":{"rendered":"<p>DROGI (notatki) https:\/\/server103956.nazwa.pl\/TKACZ\/1991\/drogi.pdf Str. 1 \u00a0\u00a0 DROGA, ULICA, JEZDNIA Str. 2 \u00a0\u00a0 IN\u017bYNIERIA RUCHU, PR\u0118DKO\u015a\u0106 PROJEKTOWA, PAS RUCHU, SKRAJNIA POJAZDU Str. 3 \u00a0\u00a0 POCHYLENIE Str. 4 \u00a0\u00a0 DROGA WIELOPASOWA, SKRZY\u017bOWANIE,<\/p>\n<p><a href=\"https:\/\/system.wien\/index.php\/pliki-do-pobrania\/notatnik-studenta-wyklady\/drogi-notatki-studenta-1991\/\" class=\"more-link\">Continue Reading<span class=\"screen-reader-text\">DROGI (notatki studenta) 1991+<\/span><\/a><\/p>\n","protected":false},"author":2,"featured_media":0,"parent":509,"menu_order":0,"comment_status":"closed","ping_status":"closed","template":"page-templates\/pagebuilder.php","meta":{"footnotes":""},"class_list":["post-1358","page","type-page","status-publish","hentry"],"yoast_head":"<!-- This site is optimized with the Yoast SEO plugin v27.4 - https:\/\/yoast.com\/product\/yoast-seo-wordpress\/ -->\n<title>DROGI (notatki studenta) 1991+ - System.Wien<\/title>\n<meta name=\"robots\" content=\"index, follow, max-snippet:-1, max-image-preview:large, max-video-preview:-1\" \/>\n<link rel=\"canonical\" href=\"https:\/\/system.wien\/index.php\/pliki-do-pobrania\/notatnik-studenta-wyklady\/drogi-notatki-studenta-1991\/\" \/>\n<meta property=\"og:locale\" content=\"pl_PL\" \/>\n<meta property=\"og:type\" content=\"article\" \/>\n<meta property=\"og:title\" content=\"DROGI (notatki studenta) 1991+ - System.Wien\" \/>\n<meta property=\"og:description\" content=\"DROGI (notatki) https:\/\/server103956.nazwa.pl\/TKACZ\/1991\/drogi.pdf Str. 1 \u00a0\u00a0 DROGA, ULICA, JEZDNIA Str. 2 \u00a0\u00a0 IN\u017bYNIERIA RUCHU, PR\u0118DKO\u015a\u0106 PROJEKTOWA, PAS RUCHU, SKRAJNIA POJAZDU Str. 3 \u00a0\u00a0 POCHYLENIE Str. 4 \u00a0\u00a0 DROGA WIELOPASOWA, SKRZY\u017bOWANIE,Continue ReadingDROGI (notatki studenta) 1991+\" \/>\n<meta property=\"og:url\" content=\"https:\/\/system.wien\/index.php\/pliki-do-pobrania\/notatnik-studenta-wyklady\/drogi-notatki-studenta-1991\/\" \/>\n<meta property=\"og:site_name\" content=\"System.Wien\" \/>\n<meta property=\"article:publisher\" content=\"https:\/\/www.facebook.com\/System.Wiedenski\" \/>\n<meta name=\"twitter:card\" content=\"summary_large_image\" \/>\n<meta name=\"twitter:label1\" content=\"Szacowany czas czytania\" \/>\n\t<meta name=\"twitter:data1\" content=\"1 minuta\" \/>\n<script type=\"application\/ld+json\" class=\"yoast-schema-graph\">{\"@context\":\"https:\\\/\\\/schema.org\",\"@graph\":[{\"@type\":\"WebPage\",\"@id\":\"https:\\\/\\\/system.wien\\\/index.php\\\/pliki-do-pobrania\\\/notatnik-studenta-wyklady\\\/drogi-notatki-studenta-1991\\\/\",\"url\":\"https:\\\/\\\/system.wien\\\/index.php\\\/pliki-do-pobrania\\\/notatnik-studenta-wyklady\\\/drogi-notatki-studenta-1991\\\/\",\"name\":\"DROGI (notatki studenta) 1991+ - System.Wien\",\"isPartOf\":{\"@id\":\"https:\\\/\\\/system.wien\\\/#website\"},\"datePublished\":\"2025-11-23T18:23:10+00:00\",\"breadcrumb\":{\"@id\":\"https:\\\/\\\/system.wien\\\/index.php\\\/pliki-do-pobrania\\\/notatnik-studenta-wyklady\\\/drogi-notatki-studenta-1991\\\/#breadcrumb\"},\"inLanguage\":\"pl-PL\",\"potentialAction\":[{\"@type\":\"ReadAction\",\"target\":[\"https:\\\/\\\/system.wien\\\/index.php\\\/pliki-do-pobrania\\\/notatnik-studenta-wyklady\\\/drogi-notatki-studenta-1991\\\/\"]}]},{\"@type\":\"BreadcrumbList\",\"@id\":\"https:\\\/\\\/system.wien\\\/index.php\\\/pliki-do-pobrania\\\/notatnik-studenta-wyklady\\\/drogi-notatki-studenta-1991\\\/#breadcrumb\",\"itemListElement\":[{\"@type\":\"ListItem\",\"position\":1,\"name\":\"Strona g\u0142\u00f3wna\",\"item\":\"https:\\\/\\\/system.wien\\\/\"},{\"@type\":\"ListItem\",\"position\":2,\"name\":\"Linki\",\"item\":\"https:\\\/\\\/system.wien\\\/index.php\\\/pliki-do-pobrania\\\/\"},{\"@type\":\"ListItem\",\"position\":3,\"name\":\"NOTATNIK STUDENTA\",\"item\":\"https:\\\/\\\/system.wien\\\/index.php\\\/pliki-do-pobrania\\\/notatnik-studenta-wyklady\\\/\"},{\"@type\":\"ListItem\",\"position\":4,\"name\":\"DROGI (notatki studenta) 1991+\"}]},{\"@type\":\"WebSite\",\"@id\":\"https:\\\/\\\/system.wien\\\/#website\",\"url\":\"https:\\\/\\\/system.wien\\\/\",\"name\":\"System.Wien\",\"description\":\"Innowacja jest naszym hobby\",\"publisher\":{\"@id\":\"https:\\\/\\\/system.wien\\\/#organization\"},\"potentialAction\":[{\"@type\":\"SearchAction\",\"target\":{\"@type\":\"EntryPoint\",\"urlTemplate\":\"https:\\\/\\\/system.wien\\\/?s={search_term_string}\"},\"query-input\":{\"@type\":\"PropertyValueSpecification\",\"valueRequired\":true,\"valueName\":\"search_term_string\"}}],\"inLanguage\":\"pl-PL\"},{\"@type\":\"Organization\",\"@id\":\"https:\\\/\\\/system.wien\\\/#organization\",\"name\":\"System.Wien\",\"url\":\"https:\\\/\\\/system.wien\\\/\",\"logo\":{\"@type\":\"ImageObject\",\"inLanguage\":\"pl-PL\",\"@id\":\"https:\\\/\\\/system.wien\\\/#\\\/schema\\\/logo\\\/image\\\/\",\"url\":\"https:\\\/\\\/system.wien\\\/wp-content\\\/uploads\\\/2023\\\/01\\\/cropped-cropped-Logo_-512_o-1.png\",\"contentUrl\":\"https:\\\/\\\/system.wien\\\/wp-content\\\/uploads\\\/2023\\\/01\\\/cropped-cropped-Logo_-512_o-1.png\",\"width\":222,\"height\":228,\"caption\":\"System.Wien\"},\"image\":{\"@id\":\"https:\\\/\\\/system.wien\\\/#\\\/schema\\\/logo\\\/image\\\/\"},\"sameAs\":[\"https:\\\/\\\/www.facebook.com\\\/System.Wiedenski\",\"https:\\\/\\\/www.linkedin.com\\\/company\\\/system-wiedenski\\\/\"]}]}<\/script>\n<!-- \/ Yoast SEO plugin. -->","yoast_head_json":{"title":"DROGI (notatki studenta) 1991+ - System.Wien","robots":{"index":"index","follow":"follow","max-snippet":"max-snippet:-1","max-image-preview":"max-image-preview:large","max-video-preview":"max-video-preview:-1"},"canonical":"https:\/\/system.wien\/index.php\/pliki-do-pobrania\/notatnik-studenta-wyklady\/drogi-notatki-studenta-1991\/","og_locale":"pl_PL","og_type":"article","og_title":"DROGI (notatki studenta) 1991+ - System.Wien","og_description":"DROGI (notatki) https:\/\/server103956.nazwa.pl\/TKACZ\/1991\/drogi.pdf Str. 1 \u00a0\u00a0 DROGA, ULICA, JEZDNIA Str. 2 \u00a0\u00a0 IN\u017bYNIERIA RUCHU, PR\u0118DKO\u015a\u0106 PROJEKTOWA, PAS RUCHU, SKRAJNIA POJAZDU Str. 3 \u00a0\u00a0 POCHYLENIE Str. 4 \u00a0\u00a0 DROGA WIELOPASOWA, SKRZY\u017bOWANIE,Continue ReadingDROGI (notatki studenta) 1991+","og_url":"https:\/\/system.wien\/index.php\/pliki-do-pobrania\/notatnik-studenta-wyklady\/drogi-notatki-studenta-1991\/","og_site_name":"System.Wien","article_publisher":"https:\/\/www.facebook.com\/System.Wiedenski","twitter_card":"summary_large_image","twitter_misc":{"Szacowany czas czytania":"1 minuta"},"schema":{"@context":"https:\/\/schema.org","@graph":[{"@type":"WebPage","@id":"https:\/\/system.wien\/index.php\/pliki-do-pobrania\/notatnik-studenta-wyklady\/drogi-notatki-studenta-1991\/","url":"https:\/\/system.wien\/index.php\/pliki-do-pobrania\/notatnik-studenta-wyklady\/drogi-notatki-studenta-1991\/","name":"DROGI (notatki studenta) 1991+ - System.Wien","isPartOf":{"@id":"https:\/\/system.wien\/#website"},"datePublished":"2025-11-23T18:23:10+00:00","breadcrumb":{"@id":"https:\/\/system.wien\/index.php\/pliki-do-pobrania\/notatnik-studenta-wyklady\/drogi-notatki-studenta-1991\/#breadcrumb"},"inLanguage":"pl-PL","potentialAction":[{"@type":"ReadAction","target":["https:\/\/system.wien\/index.php\/pliki-do-pobrania\/notatnik-studenta-wyklady\/drogi-notatki-studenta-1991\/"]}]},{"@type":"BreadcrumbList","@id":"https:\/\/system.wien\/index.php\/pliki-do-pobrania\/notatnik-studenta-wyklady\/drogi-notatki-studenta-1991\/#breadcrumb","itemListElement":[{"@type":"ListItem","position":1,"name":"Strona g\u0142\u00f3wna","item":"https:\/\/system.wien\/"},{"@type":"ListItem","position":2,"name":"Linki","item":"https:\/\/system.wien\/index.php\/pliki-do-pobrania\/"},{"@type":"ListItem","position":3,"name":"NOTATNIK STUDENTA","item":"https:\/\/system.wien\/index.php\/pliki-do-pobrania\/notatnik-studenta-wyklady\/"},{"@type":"ListItem","position":4,"name":"DROGI (notatki studenta) 1991+"}]},{"@type":"WebSite","@id":"https:\/\/system.wien\/#website","url":"https:\/\/system.wien\/","name":"System.Wien","description":"Innowacja jest naszym hobby","publisher":{"@id":"https:\/\/system.wien\/#organization"},"potentialAction":[{"@type":"SearchAction","target":{"@type":"EntryPoint","urlTemplate":"https:\/\/system.wien\/?s={search_term_string}"},"query-input":{"@type":"PropertyValueSpecification","valueRequired":true,"valueName":"search_term_string"}}],"inLanguage":"pl-PL"},{"@type":"Organization","@id":"https:\/\/system.wien\/#organization","name":"System.Wien","url":"https:\/\/system.wien\/","logo":{"@type":"ImageObject","inLanguage":"pl-PL","@id":"https:\/\/system.wien\/#\/schema\/logo\/image\/","url":"https:\/\/system.wien\/wp-content\/uploads\/2023\/01\/cropped-cropped-Logo_-512_o-1.png","contentUrl":"https:\/\/system.wien\/wp-content\/uploads\/2023\/01\/cropped-cropped-Logo_-512_o-1.png","width":222,"height":228,"caption":"System.Wien"},"image":{"@id":"https:\/\/system.wien\/#\/schema\/logo\/image\/"},"sameAs":["https:\/\/www.facebook.com\/System.Wiedenski","https:\/\/www.linkedin.com\/company\/system-wiedenski\/"]}]}},"_links":{"self":[{"href":"https:\/\/system.wien\/index.php\/wp-json\/wp\/v2\/pages\/1358","targetHints":{"allow":["GET"]}}],"collection":[{"href":"https:\/\/system.wien\/index.php\/wp-json\/wp\/v2\/pages"}],"about":[{"href":"https:\/\/system.wien\/index.php\/wp-json\/wp\/v2\/types\/page"}],"author":[{"embeddable":true,"href":"https:\/\/system.wien\/index.php\/wp-json\/wp\/v2\/users\/2"}],"replies":[{"embeddable":true,"href":"https:\/\/system.wien\/index.php\/wp-json\/wp\/v2\/comments?post=1358"}],"version-history":[{"count":1,"href":"https:\/\/system.wien\/index.php\/wp-json\/wp\/v2\/pages\/1358\/revisions"}],"predecessor-version":[{"id":1359,"href":"https:\/\/system.wien\/index.php\/wp-json\/wp\/v2\/pages\/1358\/revisions\/1359"}],"up":[{"embeddable":true,"href":"https:\/\/system.wien\/index.php\/wp-json\/wp\/v2\/pages\/509"}],"wp:attachment":[{"href":"https:\/\/system.wien\/index.php\/wp-json\/wp\/v2\/media?parent=1358"}],"curies":[{"name":"wp","href":"https:\/\/api.w.org\/{rel}","templated":true}]}}