{"id":1335,"date":"2025-06-27T13:02:21","date_gmt":"2025-06-27T13:02:21","guid":{"rendered":"https:\/\/system.wien\/?page_id=1335"},"modified":"2025-06-27T17:06:18","modified_gmt":"2025-06-27T17:06:18","slug":"montaz-kontenerow-na-systemie-wiedenskim","status":"publish","type":"page","link":"https:\/\/system.wien\/index.php\/oferta\/montaz-kontenerow-na-systemie-wiedenskim\/","title":{"rendered":"MONTA\u017b KONTENER\u00d3W na SYSTEMIE WIEDE\u0143SKIM"},"content":{"rendered":"<h3>FUNDAMENT SYSTEM WIEDE\u0143SKI<br \/>\nszkolenie MONTER\u00d3W<\/h3>\n<p><img loading=\"lazy\" decoding=\"async\" class=\"size-medium wp-image-1331\" src=\"https:\/\/system.wien\/wp-content\/uploads\/2025\/03\/2025-03-18_FUNDAMENT-SYSTEM-WIEDENSKI_publikacja-300x200.jpg\" alt=\"System Wien\" width=\"300\" height=\"200\" srcset=\"https:\/\/system.wien\/wp-content\/uploads\/2025\/03\/2025-03-18_FUNDAMENT-SYSTEM-WIEDENSKI_publikacja-300x200.jpg 300w, https:\/\/system.wien\/wp-content\/uploads\/2025\/03\/2025-03-18_FUNDAMENT-SYSTEM-WIEDENSKI_publikacja-1024x682.jpg 1024w, https:\/\/system.wien\/wp-content\/uploads\/2025\/03\/2025-03-18_FUNDAMENT-SYSTEM-WIEDENSKI_publikacja-768x512.jpg 768w, https:\/\/system.wien\/wp-content\/uploads\/2025\/03\/2025-03-18_FUNDAMENT-SYSTEM-WIEDENSKI_publikacja-1536x1023.jpg 1536w, https:\/\/system.wien\/wp-content\/uploads\/2025\/03\/2025-03-18_FUNDAMENT-SYSTEM-WIEDENSKI_publikacja.jpg 1920w\" sizes=\"auto, (max-width: 300px) 100vw, 300px\" \/><\/p>\n<h3>Producent\u00f3w kontener\u00f3w zapraszam<\/h3>\n<p>2021-06-18\u00a0 MIEDZYZDROJE\u00a0 VILLA-MARTINI\u00a0 BEACH-BAR<br \/>\nna przyk\u0142adzie monta\u017cu kontener\u00f3w na pla\u017cy &#8211; om\u00f3wimy, co posz\u0142o nie &#8222;TAK&#8221;<\/p>\n<p><a href=\"https:\/\/server103956.nazwa.pl\/TKACZ\/BEACH-BAR\/2021-06-18_MIEDZYZDROJE_BEACH-BAR-VILLA-MARTINI_KONTENERY-CONTAINEX-USTAWIANE-NA-FUNDAMENCIE-SYSTEM-WiEN.AVI\">KONTENERY-CONTAINEX-USTAWIANE-NA-FUNDAMENCIE-SYSTEM-WiEN<\/a><\/p>\n","protected":false},"excerpt":{"rendered":"<p>FUNDAMENT SYSTEM WIEDE\u0143SKI szkolenie MONTER\u00d3W Producent\u00f3w kontener\u00f3w zapraszam 2021-06-18\u00a0 MIEDZYZDROJE\u00a0 VILLA-MARTINI\u00a0 BEACH-BAR na przyk\u0142adzie monta\u017cu kontener\u00f3w na pla\u017cy &#8211; om\u00f3wimy, co posz\u0142o nie &#8222;TAK&#8221; KONTENERY-CONTAINEX-USTAWIANE-NA-FUNDAMENCIE-SYSTEM-WiEN<\/p>\n","protected":false},"author":2,"featured_media":0,"parent":77,"menu_order":0,"comment_status":"closed","ping_status":"closed","template":"page-templates\/pagebuilder.php","meta":{"footnotes":""},"class_list":["post-1335","page","type-page","status-publish","hentry"],"yoast_head":"<!-- This site is optimized with the Yoast SEO plugin v27.4 - https:\/\/yoast.com\/product\/yoast-seo-wordpress\/ -->\n<title>MONTA\u017b KONTENER\u00d3W na SYSTEMIE WIEDE\u0143SKIM - System.Wien<\/title>\n<meta name=\"robots\" content=\"index, follow, max-snippet:-1, max-image-preview:large, max-video-preview:-1\" \/>\n<link rel=\"canonical\" href=\"https:\/\/system.wien\/index.php\/oferta\/montaz-kontenerow-na-systemie-wiedenskim\/\" \/>\n<meta property=\"og:locale\" content=\"pl_PL\" \/>\n<meta property=\"og:type\" content=\"article\" \/>\n<meta property=\"og:title\" content=\"MONTA\u017b KONTENER\u00d3W na SYSTEMIE WIEDE\u0143SKIM - System.Wien\" \/>\n<meta property=\"og:description\" content=\"FUNDAMENT SYSTEM WIEDE\u0143SKI szkolenie MONTER\u00d3W Producent\u00f3w kontener\u00f3w zapraszam 2021-06-18\u00a0 MIEDZYZDROJE\u00a0 VILLA-MARTINI\u00a0 BEACH-BAR na przyk\u0142adzie monta\u017cu kontener\u00f3w na pla\u017cy &#8211; om\u00f3wimy, co posz\u0142o nie &#8222;TAK&#8221; KONTENERY-CONTAINEX-USTAWIANE-NA-FUNDAMENCIE-SYSTEM-WiEN\" \/>\n<meta property=\"og:url\" content=\"https:\/\/system.wien\/index.php\/oferta\/montaz-kontenerow-na-systemie-wiedenskim\/\" \/>\n<meta property=\"og:site_name\" content=\"System.Wien\" \/>\n<meta property=\"article:publisher\" content=\"https:\/\/www.facebook.com\/System.Wiedenski\" \/>\n<meta property=\"article:modified_time\" content=\"2025-06-27T17:06:18+00:00\" \/>\n<meta property=\"og:image\" content=\"https:\/\/system.wien\/wp-content\/uploads\/2025\/03\/2025-03-18_FUNDAMENT-SYSTEM-WIEDENSKI_publikacja.jpg\" \/>\n\t<meta property=\"og:image:width\" content=\"1920\" \/>\n\t<meta property=\"og:image:height\" content=\"1279\" \/>\n\t<meta property=\"og:image:type\" content=\"image\/jpeg\" \/>\n<meta name=\"twitter:card\" content=\"summary_large_image\" \/>\n<meta name=\"twitter:label1\" content=\"Szacowany czas czytania\" \/>\n\t<meta name=\"twitter:data1\" content=\"1 minuta\" \/>\n<script type=\"application\/ld+json\" class=\"yoast-schema-graph\">{\"@context\":\"https:\\\/\\\/schema.org\",\"@graph\":[{\"@type\":\"WebPage\",\"@id\":\"https:\\\/\\\/system.wien\\\/index.php\\\/oferta\\\/montaz-kontenerow-na-systemie-wiedenskim\\\/\",\"url\":\"https:\\\/\\\/system.wien\\\/index.php\\\/oferta\\\/montaz-kontenerow-na-systemie-wiedenskim\\\/\",\"name\":\"MONTA\u017b KONTENER\u00d3W na SYSTEMIE WIEDE\u0143SKIM - System.Wien\",\"isPartOf\":{\"@id\":\"https:\\\/\\\/system.wien\\\/#website\"},\"primaryImageOfPage\":{\"@id\":\"https:\\\/\\\/system.wien\\\/index.php\\\/oferta\\\/montaz-kontenerow-na-systemie-wiedenskim\\\/#primaryimage\"},\"image\":{\"@id\":\"https:\\\/\\\/system.wien\\\/index.php\\\/oferta\\\/montaz-kontenerow-na-systemie-wiedenskim\\\/#primaryimage\"},\"thumbnailUrl\":\"https:\\\/\\\/system.wien\\\/wp-content\\\/uploads\\\/2025\\\/03\\\/2025-03-18_FUNDAMENT-SYSTEM-WIEDENSKI_publikacja-300x200.jpg\",\"datePublished\":\"2025-06-27T13:02:21+00:00\",\"dateModified\":\"2025-06-27T17:06:18+00:00\",\"breadcrumb\":{\"@id\":\"https:\\\/\\\/system.wien\\\/index.php\\\/oferta\\\/montaz-kontenerow-na-systemie-wiedenskim\\\/#breadcrumb\"},\"inLanguage\":\"pl-PL\",\"potentialAction\":[{\"@type\":\"ReadAction\",\"target\":[\"https:\\\/\\\/system.wien\\\/index.php\\\/oferta\\\/montaz-kontenerow-na-systemie-wiedenskim\\\/\"]}]},{\"@type\":\"ImageObject\",\"inLanguage\":\"pl-PL\",\"@id\":\"https:\\\/\\\/system.wien\\\/index.php\\\/oferta\\\/montaz-kontenerow-na-systemie-wiedenskim\\\/#primaryimage\",\"url\":\"https:\\\/\\\/system.wien\\\/wp-content\\\/uploads\\\/2025\\\/03\\\/2025-03-18_FUNDAMENT-SYSTEM-WIEDENSKI_publikacja.jpg\",\"contentUrl\":\"https:\\\/\\\/system.wien\\\/wp-content\\\/uploads\\\/2025\\\/03\\\/2025-03-18_FUNDAMENT-SYSTEM-WIEDENSKI_publikacja.jpg\",\"width\":1920,\"height\":1279,\"caption\":\"Mariusz Tkacz\"},{\"@type\":\"BreadcrumbList\",\"@id\":\"https:\\\/\\\/system.wien\\\/index.php\\\/oferta\\\/montaz-kontenerow-na-systemie-wiedenskim\\\/#breadcrumb\",\"itemListElement\":[{\"@type\":\"ListItem\",\"position\":1,\"name\":\"Strona g\u0142\u00f3wna\",\"item\":\"https:\\\/\\\/system.wien\\\/\"},{\"@type\":\"ListItem\",\"position\":2,\"name\":\"Oferta\",\"item\":\"https:\\\/\\\/system.wien\\\/index.php\\\/oferta\\\/\"},{\"@type\":\"ListItem\",\"position\":3,\"name\":\"MONTA\u017b KONTENER\u00d3W na SYSTEMIE WIEDE\u0143SKIM\"}]},{\"@type\":\"WebSite\",\"@id\":\"https:\\\/\\\/system.wien\\\/#website\",\"url\":\"https:\\\/\\\/system.wien\\\/\",\"name\":\"System.Wien\",\"description\":\"Innowacja jest naszym hobby\",\"publisher\":{\"@id\":\"https:\\\/\\\/system.wien\\\/#organization\"},\"potentialAction\":[{\"@type\":\"SearchAction\",\"target\":{\"@type\":\"EntryPoint\",\"urlTemplate\":\"https:\\\/\\\/system.wien\\\/?s={search_term_string}\"},\"query-input\":{\"@type\":\"PropertyValueSpecification\",\"valueRequired\":true,\"valueName\":\"search_term_string\"}}],\"inLanguage\":\"pl-PL\"},{\"@type\":\"Organization\",\"@id\":\"https:\\\/\\\/system.wien\\\/#organization\",\"name\":\"System.Wien\",\"url\":\"https:\\\/\\\/system.wien\\\/\",\"logo\":{\"@type\":\"ImageObject\",\"inLanguage\":\"pl-PL\",\"@id\":\"https:\\\/\\\/system.wien\\\/#\\\/schema\\\/logo\\\/image\\\/\",\"url\":\"https:\\\/\\\/system.wien\\\/wp-content\\\/uploads\\\/2023\\\/01\\\/cropped-cropped-Logo_-512_o-1.png\",\"contentUrl\":\"https:\\\/\\\/system.wien\\\/wp-content\\\/uploads\\\/2023\\\/01\\\/cropped-cropped-Logo_-512_o-1.png\",\"width\":222,\"height\":228,\"caption\":\"System.Wien\"},\"image\":{\"@id\":\"https:\\\/\\\/system.wien\\\/#\\\/schema\\\/logo\\\/image\\\/\"},\"sameAs\":[\"https:\\\/\\\/www.facebook.com\\\/System.Wiedenski\",\"https:\\\/\\\/www.linkedin.com\\\/company\\\/system-wiedenski\\\/\"]}]}<\/script>\n<!-- \/ Yoast SEO plugin. -->","yoast_head_json":{"title":"MONTA\u017b KONTENER\u00d3W na SYSTEMIE WIEDE\u0143SKIM - System.Wien","robots":{"index":"index","follow":"follow","max-snippet":"max-snippet:-1","max-image-preview":"max-image-preview:large","max-video-preview":"max-video-preview:-1"},"canonical":"https:\/\/system.wien\/index.php\/oferta\/montaz-kontenerow-na-systemie-wiedenskim\/","og_locale":"pl_PL","og_type":"article","og_title":"MONTA\u017b KONTENER\u00d3W na SYSTEMIE WIEDE\u0143SKIM - System.Wien","og_description":"FUNDAMENT SYSTEM WIEDE\u0143SKI szkolenie MONTER\u00d3W Producent\u00f3w kontener\u00f3w zapraszam 2021-06-18\u00a0 MIEDZYZDROJE\u00a0 VILLA-MARTINI\u00a0 BEACH-BAR na przyk\u0142adzie monta\u017cu kontener\u00f3w na pla\u017cy &#8211; om\u00f3wimy, co posz\u0142o nie &#8222;TAK&#8221; KONTENERY-CONTAINEX-USTAWIANE-NA-FUNDAMENCIE-SYSTEM-WiEN","og_url":"https:\/\/system.wien\/index.php\/oferta\/montaz-kontenerow-na-systemie-wiedenskim\/","og_site_name":"System.Wien","article_publisher":"https:\/\/www.facebook.com\/System.Wiedenski","article_modified_time":"2025-06-27T17:06:18+00:00","og_image":[{"width":1920,"height":1279,"url":"https:\/\/system.wien\/wp-content\/uploads\/2025\/03\/2025-03-18_FUNDAMENT-SYSTEM-WIEDENSKI_publikacja.jpg","type":"image\/jpeg"}],"twitter_card":"summary_large_image","twitter_misc":{"Szacowany czas czytania":"1 minuta"},"schema":{"@context":"https:\/\/schema.org","@graph":[{"@type":"WebPage","@id":"https:\/\/system.wien\/index.php\/oferta\/montaz-kontenerow-na-systemie-wiedenskim\/","url":"https:\/\/system.wien\/index.php\/oferta\/montaz-kontenerow-na-systemie-wiedenskim\/","name":"MONTA\u017b KONTENER\u00d3W na SYSTEMIE WIEDE\u0143SKIM - System.Wien","isPartOf":{"@id":"https:\/\/system.wien\/#website"},"primaryImageOfPage":{"@id":"https:\/\/system.wien\/index.php\/oferta\/montaz-kontenerow-na-systemie-wiedenskim\/#primaryimage"},"image":{"@id":"https:\/\/system.wien\/index.php\/oferta\/montaz-kontenerow-na-systemie-wiedenskim\/#primaryimage"},"thumbnailUrl":"https:\/\/system.wien\/wp-content\/uploads\/2025\/03\/2025-03-18_FUNDAMENT-SYSTEM-WIEDENSKI_publikacja-300x200.jpg","datePublished":"2025-06-27T13:02:21+00:00","dateModified":"2025-06-27T17:06:18+00:00","breadcrumb":{"@id":"https:\/\/system.wien\/index.php\/oferta\/montaz-kontenerow-na-systemie-wiedenskim\/#breadcrumb"},"inLanguage":"pl-PL","potentialAction":[{"@type":"ReadAction","target":["https:\/\/system.wien\/index.php\/oferta\/montaz-kontenerow-na-systemie-wiedenskim\/"]}]},{"@type":"ImageObject","inLanguage":"pl-PL","@id":"https:\/\/system.wien\/index.php\/oferta\/montaz-kontenerow-na-systemie-wiedenskim\/#primaryimage","url":"https:\/\/system.wien\/wp-content\/uploads\/2025\/03\/2025-03-18_FUNDAMENT-SYSTEM-WIEDENSKI_publikacja.jpg","contentUrl":"https:\/\/system.wien\/wp-content\/uploads\/2025\/03\/2025-03-18_FUNDAMENT-SYSTEM-WIEDENSKI_publikacja.jpg","width":1920,"height":1279,"caption":"Mariusz Tkacz"},{"@type":"BreadcrumbList","@id":"https:\/\/system.wien\/index.php\/oferta\/montaz-kontenerow-na-systemie-wiedenskim\/#breadcrumb","itemListElement":[{"@type":"ListItem","position":1,"name":"Strona g\u0142\u00f3wna","item":"https:\/\/system.wien\/"},{"@type":"ListItem","position":2,"name":"Oferta","item":"https:\/\/system.wien\/index.php\/oferta\/"},{"@type":"ListItem","position":3,"name":"MONTA\u017b KONTENER\u00d3W na SYSTEMIE WIEDE\u0143SKIM"}]},{"@type":"WebSite","@id":"https:\/\/system.wien\/#website","url":"https:\/\/system.wien\/","name":"System.Wien","description":"Innowacja jest naszym hobby","publisher":{"@id":"https:\/\/system.wien\/#organization"},"potentialAction":[{"@type":"SearchAction","target":{"@type":"EntryPoint","urlTemplate":"https:\/\/system.wien\/?s={search_term_string}"},"query-input":{"@type":"PropertyValueSpecification","valueRequired":true,"valueName":"search_term_string"}}],"inLanguage":"pl-PL"},{"@type":"Organization","@id":"https:\/\/system.wien\/#organization","name":"System.Wien","url":"https:\/\/system.wien\/","logo":{"@type":"ImageObject","inLanguage":"pl-PL","@id":"https:\/\/system.wien\/#\/schema\/logo\/image\/","url":"https:\/\/system.wien\/wp-content\/uploads\/2023\/01\/cropped-cropped-Logo_-512_o-1.png","contentUrl":"https:\/\/system.wien\/wp-content\/uploads\/2023\/01\/cropped-cropped-Logo_-512_o-1.png","width":222,"height":228,"caption":"System.Wien"},"image":{"@id":"https:\/\/system.wien\/#\/schema\/logo\/image\/"},"sameAs":["https:\/\/www.facebook.com\/System.Wiedenski","https:\/\/www.linkedin.com\/company\/system-wiedenski\/"]}]}},"_links":{"self":[{"href":"https:\/\/system.wien\/index.php\/wp-json\/wp\/v2\/pages\/1335","targetHints":{"allow":["GET"]}}],"collection":[{"href":"https:\/\/system.wien\/index.php\/wp-json\/wp\/v2\/pages"}],"about":[{"href":"https:\/\/system.wien\/index.php\/wp-json\/wp\/v2\/types\/page"}],"author":[{"embeddable":true,"href":"https:\/\/system.wien\/index.php\/wp-json\/wp\/v2\/users\/2"}],"replies":[{"embeddable":true,"href":"https:\/\/system.wien\/index.php\/wp-json\/wp\/v2\/comments?post=1335"}],"version-history":[{"count":7,"href":"https:\/\/system.wien\/index.php\/wp-json\/wp\/v2\/pages\/1335\/revisions"}],"predecessor-version":[{"id":1346,"href":"https:\/\/system.wien\/index.php\/wp-json\/wp\/v2\/pages\/1335\/revisions\/1346"}],"up":[{"embeddable":true,"href":"https:\/\/system.wien\/index.php\/wp-json\/wp\/v2\/pages\/77"}],"wp:attachment":[{"href":"https:\/\/system.wien\/index.php\/wp-json\/wp\/v2\/media?parent=1335"}],"curies":[{"name":"wp","href":"https:\/\/api.w.org\/{rel}","templated":true}]}}