{"id":1126,"date":"2024-04-21T16:21:58","date_gmt":"2024-04-21T16:21:58","guid":{"rendered":"https:\/\/system.wien\/?page_id=1126"},"modified":"2024-04-21T17:10:44","modified_gmt":"2024-04-21T17:10:44","slug":"iv-2024-miedzyzdroje-villa-martini-serwis-wiosenny-4-sezon","status":"publish","type":"page","link":"https:\/\/system.wien\/index.php\/realizacje\/iv-2024-miedzyzdroje-villa-martini-serwis-wiosenny-4-sezon\/","title":{"rendered":"IV-2024 Mi\u0119dzyzdroje Villa Martini SERWIS wiosenny 4 sezon"},"content":{"rendered":"<h3><strong>MONTA\u017b (<\/strong><span style=\"color: #ff0000;\"><strong>SERWIS<\/strong><\/span><strong>\u00a024\/7<\/strong><strong>)<\/strong><\/h3>\n<p>Beach <strong>BAR<\/strong> \u201e<strong>Villa Martini<\/strong>\u201d Mi\u0119dzyzdroje (zej\u015bcie \u201eB\u201d) = <span style=\"color: #ff0000;\">IV<\/span> sezon <span style=\"color: #ff0000;\">START<\/span><br \/>\nFundament [<span style=\"color: #0000ff;\">System Wiede\u0144ski<\/span>] = <span style=\"color: #ff0000;\">SERWIS<\/span> (wiosenny) = monta\u017c <span style=\"color: #ff0000;\">6<\/span> osi<br \/>\nPolecamy si\u0119 na przysz\u0142y <span style=\"color: #ff0000;\">5<\/span> sezon IV-202<span style=\"color: #ff0000;\">5<\/span>\u2026<\/p>\n<p>ciekawostka (nowinka techniczna):<\/p>\n<p>\u201e<span style=\"color: #0000ff;\">KLAWISZOWANIE<\/span>\u201d &#8211; <span style=\"color: #ff0000;\">wyeliminowanie<\/span> zjawiska<br \/>\n<strong>WZ\u00d3R U\u017bYTKOWY<\/strong> (rozwi\u0105zanie techniczne)<br \/>\n7 o\u015b = styk 16 kontener\u00f3w CONTAINEX<br \/>\nwdro\u017cenie planowane w <span style=\"color: #ff0000;\">IV-2025<\/span><\/p>\n<p>\u201e<span style=\"color: #0000ff;\">SYSTEM-WiEN-ADAPTER<\/span>\u201d<\/p>\n<p><img loading=\"lazy\" decoding=\"async\" class=\"aligncenter size-large wp-image-1127\" src=\"https:\/\/system.wien\/wp-content\/uploads\/2024\/04\/2024-04_SYSTEM-WIEN_ADAPTER-7-OS_WZOR-UZYTKOWY1-1024x679.jpg\" alt=\"\" width=\"1024\" height=\"679\" srcset=\"https:\/\/system.wien\/wp-content\/uploads\/2024\/04\/2024-04_SYSTEM-WIEN_ADAPTER-7-OS_WZOR-UZYTKOWY1-1024x679.jpg 1024w, https:\/\/system.wien\/wp-content\/uploads\/2024\/04\/2024-04_SYSTEM-WIEN_ADAPTER-7-OS_WZOR-UZYTKOWY1-300x199.jpg 300w, https:\/\/system.wien\/wp-content\/uploads\/2024\/04\/2024-04_SYSTEM-WIEN_ADAPTER-7-OS_WZOR-UZYTKOWY1-768x509.jpg 768w, https:\/\/system.wien\/wp-content\/uploads\/2024\/04\/2024-04_SYSTEM-WIEN_ADAPTER-7-OS_WZOR-UZYTKOWY1.jpg 1128w\" sizes=\"auto, (max-width: 1024px) 100vw, 1024px\" \/><\/p>\n","protected":false},"excerpt":{"rendered":"<p>MONTA\u017b (SERWIS\u00a024\/7) Beach BAR \u201eVilla Martini\u201d Mi\u0119dzyzdroje (zej\u015bcie \u201eB\u201d) = IV sezon START Fundament [System Wiede\u0144ski] = SERWIS (wiosenny) = monta\u017c 6 osi Polecamy si\u0119 na przysz\u0142y 5 sezon IV-2025\u2026<\/p>\n<p><a href=\"https:\/\/system.wien\/index.php\/realizacje\/iv-2024-miedzyzdroje-villa-martini-serwis-wiosenny-4-sezon\/\" class=\"more-link\">Continue Reading<span class=\"screen-reader-text\">IV-2024 Mi\u0119dzyzdroje Villa Martini SERWIS wiosenny 4 sezon<\/span><\/a><\/p>\n","protected":false},"author":1,"featured_media":0,"parent":90,"menu_order":0,"comment_status":"closed","ping_status":"closed","template":"page-templates\/pagebuilder.php","meta":{"footnotes":""},"class_list":["post-1126","page","type-page","status-publish","hentry"],"yoast_head":"<!-- This site is optimized with the Yoast SEO plugin v27.3 - https:\/\/yoast.com\/product\/yoast-seo-wordpress\/ -->\n<title>IV-2024 Mi\u0119dzyzdroje Villa Martini SERWIS wiosenny 4 sezon - System.Wien<\/title>\n<meta name=\"robots\" content=\"index, follow, max-snippet:-1, max-image-preview:large, max-video-preview:-1\" \/>\n<link rel=\"canonical\" href=\"https:\/\/system.wien\/index.php\/realizacje\/iv-2024-miedzyzdroje-villa-martini-serwis-wiosenny-4-sezon\/\" \/>\n<meta property=\"og:locale\" content=\"pl_PL\" \/>\n<meta property=\"og:type\" content=\"article\" \/>\n<meta property=\"og:title\" content=\"IV-2024 Mi\u0119dzyzdroje Villa Martini SERWIS wiosenny 4 sezon - System.Wien\" \/>\n<meta property=\"og:description\" content=\"MONTA\u017b (SERWIS\u00a024\/7) Beach BAR \u201eVilla Martini\u201d Mi\u0119dzyzdroje (zej\u015bcie \u201eB\u201d) = IV sezon START Fundament [System Wiede\u0144ski] = SERWIS (wiosenny) = monta\u017c 6 osi Polecamy si\u0119 na przysz\u0142y 5 sezon IV-2025\u2026Continue ReadingIV-2024 Mi\u0119dzyzdroje Villa Martini SERWIS wiosenny 4 sezon\" \/>\n<meta property=\"og:url\" content=\"https:\/\/system.wien\/index.php\/realizacje\/iv-2024-miedzyzdroje-villa-martini-serwis-wiosenny-4-sezon\/\" \/>\n<meta property=\"og:site_name\" content=\"System.Wien\" \/>\n<meta property=\"article:publisher\" content=\"https:\/\/www.facebook.com\/System.Wiedenski\" \/>\n<meta property=\"article:modified_time\" content=\"2024-04-21T17:10:44+00:00\" \/>\n<meta property=\"og:image\" content=\"https:\/\/system.wien\/wp-content\/uploads\/2024\/04\/2024-04_SYSTEM-WIEN_ADAPTER-7-OS_WZOR-UZYTKOWY1-1024x679.jpg\" \/>\n<meta name=\"twitter:card\" content=\"summary_large_image\" \/>\n<meta name=\"twitter:label1\" content=\"Szacowany czas czytania\" \/>\n\t<meta name=\"twitter:data1\" content=\"1 minuta\" \/>\n<script type=\"application\/ld+json\" class=\"yoast-schema-graph\">{\"@context\":\"https:\\\/\\\/schema.org\",\"@graph\":[{\"@type\":\"WebPage\",\"@id\":\"https:\\\/\\\/system.wien\\\/index.php\\\/realizacje\\\/iv-2024-miedzyzdroje-villa-martini-serwis-wiosenny-4-sezon\\\/\",\"url\":\"https:\\\/\\\/system.wien\\\/index.php\\\/realizacje\\\/iv-2024-miedzyzdroje-villa-martini-serwis-wiosenny-4-sezon\\\/\",\"name\":\"IV-2024 Mi\u0119dzyzdroje Villa Martini SERWIS wiosenny 4 sezon - System.Wien\",\"isPartOf\":{\"@id\":\"https:\\\/\\\/system.wien\\\/#website\"},\"primaryImageOfPage\":{\"@id\":\"https:\\\/\\\/system.wien\\\/index.php\\\/realizacje\\\/iv-2024-miedzyzdroje-villa-martini-serwis-wiosenny-4-sezon\\\/#primaryimage\"},\"image\":{\"@id\":\"https:\\\/\\\/system.wien\\\/index.php\\\/realizacje\\\/iv-2024-miedzyzdroje-villa-martini-serwis-wiosenny-4-sezon\\\/#primaryimage\"},\"thumbnailUrl\":\"https:\\\/\\\/system.wien\\\/wp-content\\\/uploads\\\/2024\\\/04\\\/2024-04_SYSTEM-WIEN_ADAPTER-7-OS_WZOR-UZYTKOWY1-1024x679.jpg\",\"datePublished\":\"2024-04-21T16:21:58+00:00\",\"dateModified\":\"2024-04-21T17:10:44+00:00\",\"breadcrumb\":{\"@id\":\"https:\\\/\\\/system.wien\\\/index.php\\\/realizacje\\\/iv-2024-miedzyzdroje-villa-martini-serwis-wiosenny-4-sezon\\\/#breadcrumb\"},\"inLanguage\":\"pl-PL\",\"potentialAction\":[{\"@type\":\"ReadAction\",\"target\":[\"https:\\\/\\\/system.wien\\\/index.php\\\/realizacje\\\/iv-2024-miedzyzdroje-villa-martini-serwis-wiosenny-4-sezon\\\/\"]}]},{\"@type\":\"ImageObject\",\"inLanguage\":\"pl-PL\",\"@id\":\"https:\\\/\\\/system.wien\\\/index.php\\\/realizacje\\\/iv-2024-miedzyzdroje-villa-martini-serwis-wiosenny-4-sezon\\\/#primaryimage\",\"url\":\"https:\\\/\\\/system.wien\\\/wp-content\\\/uploads\\\/2024\\\/04\\\/2024-04_SYSTEM-WIEN_ADAPTER-7-OS_WZOR-UZYTKOWY1.jpg\",\"contentUrl\":\"https:\\\/\\\/system.wien\\\/wp-content\\\/uploads\\\/2024\\\/04\\\/2024-04_SYSTEM-WIEN_ADAPTER-7-OS_WZOR-UZYTKOWY1.jpg\",\"width\":1128,\"height\":748},{\"@type\":\"BreadcrumbList\",\"@id\":\"https:\\\/\\\/system.wien\\\/index.php\\\/realizacje\\\/iv-2024-miedzyzdroje-villa-martini-serwis-wiosenny-4-sezon\\\/#breadcrumb\",\"itemListElement\":[{\"@type\":\"ListItem\",\"position\":1,\"name\":\"Strona g\u0142\u00f3wna\",\"item\":\"https:\\\/\\\/system.wien\\\/\"},{\"@type\":\"ListItem\",\"position\":2,\"name\":\"Realizacje\",\"item\":\"https:\\\/\\\/system.wien\\\/index.php\\\/realizacje\\\/\"},{\"@type\":\"ListItem\",\"position\":3,\"name\":\"IV-2024 Mi\u0119dzyzdroje Villa Martini SERWIS wiosenny 4 sezon\"}]},{\"@type\":\"WebSite\",\"@id\":\"https:\\\/\\\/system.wien\\\/#website\",\"url\":\"https:\\\/\\\/system.wien\\\/\",\"name\":\"System.Wien\",\"description\":\"Innowacja jest naszym hobby\",\"publisher\":{\"@id\":\"https:\\\/\\\/system.wien\\\/#organization\"},\"potentialAction\":[{\"@type\":\"SearchAction\",\"target\":{\"@type\":\"EntryPoint\",\"urlTemplate\":\"https:\\\/\\\/system.wien\\\/?s={search_term_string}\"},\"query-input\":{\"@type\":\"PropertyValueSpecification\",\"valueRequired\":true,\"valueName\":\"search_term_string\"}}],\"inLanguage\":\"pl-PL\"},{\"@type\":\"Organization\",\"@id\":\"https:\\\/\\\/system.wien\\\/#organization\",\"name\":\"System.Wien\",\"url\":\"https:\\\/\\\/system.wien\\\/\",\"logo\":{\"@type\":\"ImageObject\",\"inLanguage\":\"pl-PL\",\"@id\":\"https:\\\/\\\/system.wien\\\/#\\\/schema\\\/logo\\\/image\\\/\",\"url\":\"https:\\\/\\\/system.wien\\\/wp-content\\\/uploads\\\/2023\\\/01\\\/cropped-cropped-Logo_-512_o-1.png\",\"contentUrl\":\"https:\\\/\\\/system.wien\\\/wp-content\\\/uploads\\\/2023\\\/01\\\/cropped-cropped-Logo_-512_o-1.png\",\"width\":222,\"height\":228,\"caption\":\"System.Wien\"},\"image\":{\"@id\":\"https:\\\/\\\/system.wien\\\/#\\\/schema\\\/logo\\\/image\\\/\"},\"sameAs\":[\"https:\\\/\\\/www.facebook.com\\\/System.Wiedenski\",\"https:\\\/\\\/www.linkedin.com\\\/company\\\/system-wiedenski\\\/\"]}]}<\/script>\n<!-- \/ Yoast SEO plugin. -->","yoast_head_json":{"title":"IV-2024 Mi\u0119dzyzdroje Villa Martini SERWIS wiosenny 4 sezon - System.Wien","robots":{"index":"index","follow":"follow","max-snippet":"max-snippet:-1","max-image-preview":"max-image-preview:large","max-video-preview":"max-video-preview:-1"},"canonical":"https:\/\/system.wien\/index.php\/realizacje\/iv-2024-miedzyzdroje-villa-martini-serwis-wiosenny-4-sezon\/","og_locale":"pl_PL","og_type":"article","og_title":"IV-2024 Mi\u0119dzyzdroje Villa Martini SERWIS wiosenny 4 sezon - System.Wien","og_description":"MONTA\u017b (SERWIS\u00a024\/7) Beach BAR \u201eVilla Martini\u201d Mi\u0119dzyzdroje (zej\u015bcie \u201eB\u201d) = IV sezon START Fundament [System Wiede\u0144ski] = SERWIS (wiosenny) = monta\u017c 6 osi Polecamy si\u0119 na przysz\u0142y 5 sezon IV-2025\u2026Continue ReadingIV-2024 Mi\u0119dzyzdroje Villa Martini SERWIS wiosenny 4 sezon","og_url":"https:\/\/system.wien\/index.php\/realizacje\/iv-2024-miedzyzdroje-villa-martini-serwis-wiosenny-4-sezon\/","og_site_name":"System.Wien","article_publisher":"https:\/\/www.facebook.com\/System.Wiedenski","article_modified_time":"2024-04-21T17:10:44+00:00","og_image":[{"url":"https:\/\/system.wien\/wp-content\/uploads\/2024\/04\/2024-04_SYSTEM-WIEN_ADAPTER-7-OS_WZOR-UZYTKOWY1-1024x679.jpg","type":"","width":"","height":""}],"twitter_card":"summary_large_image","twitter_misc":{"Szacowany czas czytania":"1 minuta"},"schema":{"@context":"https:\/\/schema.org","@graph":[{"@type":"WebPage","@id":"https:\/\/system.wien\/index.php\/realizacje\/iv-2024-miedzyzdroje-villa-martini-serwis-wiosenny-4-sezon\/","url":"https:\/\/system.wien\/index.php\/realizacje\/iv-2024-miedzyzdroje-villa-martini-serwis-wiosenny-4-sezon\/","name":"IV-2024 Mi\u0119dzyzdroje Villa Martini SERWIS wiosenny 4 sezon - System.Wien","isPartOf":{"@id":"https:\/\/system.wien\/#website"},"primaryImageOfPage":{"@id":"https:\/\/system.wien\/index.php\/realizacje\/iv-2024-miedzyzdroje-villa-martini-serwis-wiosenny-4-sezon\/#primaryimage"},"image":{"@id":"https:\/\/system.wien\/index.php\/realizacje\/iv-2024-miedzyzdroje-villa-martini-serwis-wiosenny-4-sezon\/#primaryimage"},"thumbnailUrl":"https:\/\/system.wien\/wp-content\/uploads\/2024\/04\/2024-04_SYSTEM-WIEN_ADAPTER-7-OS_WZOR-UZYTKOWY1-1024x679.jpg","datePublished":"2024-04-21T16:21:58+00:00","dateModified":"2024-04-21T17:10:44+00:00","breadcrumb":{"@id":"https:\/\/system.wien\/index.php\/realizacje\/iv-2024-miedzyzdroje-villa-martini-serwis-wiosenny-4-sezon\/#breadcrumb"},"inLanguage":"pl-PL","potentialAction":[{"@type":"ReadAction","target":["https:\/\/system.wien\/index.php\/realizacje\/iv-2024-miedzyzdroje-villa-martini-serwis-wiosenny-4-sezon\/"]}]},{"@type":"ImageObject","inLanguage":"pl-PL","@id":"https:\/\/system.wien\/index.php\/realizacje\/iv-2024-miedzyzdroje-villa-martini-serwis-wiosenny-4-sezon\/#primaryimage","url":"https:\/\/system.wien\/wp-content\/uploads\/2024\/04\/2024-04_SYSTEM-WIEN_ADAPTER-7-OS_WZOR-UZYTKOWY1.jpg","contentUrl":"https:\/\/system.wien\/wp-content\/uploads\/2024\/04\/2024-04_SYSTEM-WIEN_ADAPTER-7-OS_WZOR-UZYTKOWY1.jpg","width":1128,"height":748},{"@type":"BreadcrumbList","@id":"https:\/\/system.wien\/index.php\/realizacje\/iv-2024-miedzyzdroje-villa-martini-serwis-wiosenny-4-sezon\/#breadcrumb","itemListElement":[{"@type":"ListItem","position":1,"name":"Strona g\u0142\u00f3wna","item":"https:\/\/system.wien\/"},{"@type":"ListItem","position":2,"name":"Realizacje","item":"https:\/\/system.wien\/index.php\/realizacje\/"},{"@type":"ListItem","position":3,"name":"IV-2024 Mi\u0119dzyzdroje Villa Martini SERWIS wiosenny 4 sezon"}]},{"@type":"WebSite","@id":"https:\/\/system.wien\/#website","url":"https:\/\/system.wien\/","name":"System.Wien","description":"Innowacja jest naszym hobby","publisher":{"@id":"https:\/\/system.wien\/#organization"},"potentialAction":[{"@type":"SearchAction","target":{"@type":"EntryPoint","urlTemplate":"https:\/\/system.wien\/?s={search_term_string}"},"query-input":{"@type":"PropertyValueSpecification","valueRequired":true,"valueName":"search_term_string"}}],"inLanguage":"pl-PL"},{"@type":"Organization","@id":"https:\/\/system.wien\/#organization","name":"System.Wien","url":"https:\/\/system.wien\/","logo":{"@type":"ImageObject","inLanguage":"pl-PL","@id":"https:\/\/system.wien\/#\/schema\/logo\/image\/","url":"https:\/\/system.wien\/wp-content\/uploads\/2023\/01\/cropped-cropped-Logo_-512_o-1.png","contentUrl":"https:\/\/system.wien\/wp-content\/uploads\/2023\/01\/cropped-cropped-Logo_-512_o-1.png","width":222,"height":228,"caption":"System.Wien"},"image":{"@id":"https:\/\/system.wien\/#\/schema\/logo\/image\/"},"sameAs":["https:\/\/www.facebook.com\/System.Wiedenski","https:\/\/www.linkedin.com\/company\/system-wiedenski\/"]}]}},"_links":{"self":[{"href":"https:\/\/system.wien\/index.php\/wp-json\/wp\/v2\/pages\/1126","targetHints":{"allow":["GET"]}}],"collection":[{"href":"https:\/\/system.wien\/index.php\/wp-json\/wp\/v2\/pages"}],"about":[{"href":"https:\/\/system.wien\/index.php\/wp-json\/wp\/v2\/types\/page"}],"author":[{"embeddable":true,"href":"https:\/\/system.wien\/index.php\/wp-json\/wp\/v2\/users\/1"}],"replies":[{"embeddable":true,"href":"https:\/\/system.wien\/index.php\/wp-json\/wp\/v2\/comments?post=1126"}],"version-history":[{"count":4,"href":"https:\/\/system.wien\/index.php\/wp-json\/wp\/v2\/pages\/1126\/revisions"}],"predecessor-version":[{"id":1134,"href":"https:\/\/system.wien\/index.php\/wp-json\/wp\/v2\/pages\/1126\/revisions\/1134"}],"up":[{"embeddable":true,"href":"https:\/\/system.wien\/index.php\/wp-json\/wp\/v2\/pages\/90"}],"wp:attachment":[{"href":"https:\/\/system.wien\/index.php\/wp-json\/wp\/v2\/media?parent=1126"}],"curies":[{"name":"wp","href":"https:\/\/api.w.org\/{rel}","templated":true}]}}