{"id":1121,"date":"2024-04-21T15:45:54","date_gmt":"2024-04-21T15:45:54","guid":{"rendered":"https:\/\/system.wien\/?page_id=1121"},"modified":"2024-04-21T17:52:56","modified_gmt":"2024-04-21T17:52:56","slug":"iv-2024-pl-kolobrzeg-mosir-plaza-milenium-3-sezon","status":"publish","type":"page","link":"https:\/\/system.wien\/index.php\/realizacje\/iv-2024-pl-kolobrzeg-mosir-plaza-milenium-3-sezon\/","title":{"rendered":"IV-2024 PL KO\u0141OBRZEG (MOSiR) Pla\u017ca MILENIUM 3 sezon"},"content":{"rendered":"<h3><strong>MONTA\u017b\u00a0 <\/strong>(<span style=\"color: #ff0000;\">SERWIS<\/span>\u00a024\/7)<\/h3>\n<p>Gmina Miasto Ko\u0142obrzeg (MOSiR): \u201ePLA\u017bA MILENIUM\u201d = <span style=\"color: #ff0000;\">III<\/span> sezon <span style=\"color: #ff0000;\">START <\/span>IV-2024<br \/>\nFundament \u015arubowy [<span style=\"color: #0000ff;\">System Wiede\u0144ski<\/span>] = <span style=\"color: #ff0000;\">SERWIS<\/span> (wiosenny) = <span style=\"color: #000000;\">monta\u017c<br \/>\nWracamy na pla\u017c\u0119 <span style=\"color: #ff0000;\">META <\/span><\/span>X-2024<span style=\"color: #000000;\">\u00a0<\/span><\/p>\n<p><span style=\"color: #000000;\">zapraszamy do wsp\u00f3\u0142pracy &#8230;<\/span><\/p>\n<p><img loading=\"lazy\" decoding=\"async\" class=\"aligncenter size-full wp-image-1123\" src=\"https:\/\/system.wien\/wp-content\/uploads\/2024\/04\/2024-04-17_KOLOBRZEG-PLAZA-MILENIUM_FUNDAMENT-SYSTEM-WiEN.jpg\" alt=\"\" width=\"1008\" height=\"756\" srcset=\"https:\/\/system.wien\/wp-content\/uploads\/2024\/04\/2024-04-17_KOLOBRZEG-PLAZA-MILENIUM_FUNDAMENT-SYSTEM-WiEN.jpg 1008w, https:\/\/system.wien\/wp-content\/uploads\/2024\/04\/2024-04-17_KOLOBRZEG-PLAZA-MILENIUM_FUNDAMENT-SYSTEM-WiEN-300x225.jpg 300w, https:\/\/system.wien\/wp-content\/uploads\/2024\/04\/2024-04-17_KOLOBRZEG-PLAZA-MILENIUM_FUNDAMENT-SYSTEM-WiEN-768x576.jpg 768w\" sizes=\"auto, (max-width: 1008px) 100vw, 1008px\" \/><\/p>\n","protected":false},"excerpt":{"rendered":"<p>MONTA\u017b\u00a0 (SERWIS\u00a024\/7) Gmina Miasto Ko\u0142obrzeg (MOSiR): \u201ePLA\u017bA MILENIUM\u201d = III sezon START IV-2024 Fundament \u015arubowy [System Wiede\u0144ski] = SERWIS (wiosenny) = monta\u017c Wracamy na pla\u017c\u0119 META X-2024\u00a0 zapraszamy do wsp\u00f3\u0142pracy<\/p>\n<p><a href=\"https:\/\/system.wien\/index.php\/realizacje\/iv-2024-pl-kolobrzeg-mosir-plaza-milenium-3-sezon\/\" class=\"more-link\">Continue Reading<span class=\"screen-reader-text\">IV-2024 PL KO\u0141OBRZEG (MOSiR) Pla\u017ca MILENIUM 3 sezon<\/span><\/a><\/p>\n","protected":false},"author":1,"featured_media":0,"parent":90,"menu_order":0,"comment_status":"closed","ping_status":"closed","template":"page-templates\/pagebuilder.php","meta":{"footnotes":""},"class_list":["post-1121","page","type-page","status-publish","hentry"],"yoast_head":"<!-- This site is optimized with the Yoast SEO plugin v27.6 - https:\/\/yoast.com\/product\/yoast-seo-wordpress\/ -->\n<title>IV-2024 PL KO\u0141OBRZEG (MOSiR) Pla\u017ca MILENIUM 3 sezon - System.Wien<\/title>\n<meta name=\"robots\" content=\"index, follow, max-snippet:-1, max-image-preview:large, max-video-preview:-1\" \/>\n<link rel=\"canonical\" href=\"https:\/\/system.wien\/index.php\/realizacje\/iv-2024-pl-kolobrzeg-mosir-plaza-milenium-3-sezon\/\" \/>\n<meta property=\"og:locale\" content=\"pl_PL\" \/>\n<meta property=\"og:type\" content=\"article\" \/>\n<meta property=\"og:title\" content=\"IV-2024 PL KO\u0141OBRZEG (MOSiR) Pla\u017ca MILENIUM 3 sezon - System.Wien\" \/>\n<meta property=\"og:description\" content=\"MONTA\u017b\u00a0 (SERWIS\u00a024\/7) Gmina Miasto Ko\u0142obrzeg (MOSiR): \u201ePLA\u017bA MILENIUM\u201d = III sezon START IV-2024 Fundament \u015arubowy [System Wiede\u0144ski] = SERWIS (wiosenny) = monta\u017c Wracamy na pla\u017c\u0119 META X-2024\u00a0 zapraszamy do wsp\u00f3\u0142pracyContinue ReadingIV-2024 PL KO\u0141OBRZEG (MOSiR) Pla\u017ca MILENIUM 3 sezon\" \/>\n<meta property=\"og:url\" content=\"https:\/\/system.wien\/index.php\/realizacje\/iv-2024-pl-kolobrzeg-mosir-plaza-milenium-3-sezon\/\" \/>\n<meta property=\"og:site_name\" content=\"System.Wien\" \/>\n<meta property=\"article:publisher\" content=\"https:\/\/www.facebook.com\/System.Wiedenski\" \/>\n<meta property=\"article:modified_time\" content=\"2024-04-21T17:52:56+00:00\" \/>\n<meta property=\"og:image\" content=\"https:\/\/system.wien\/wp-content\/uploads\/2024\/04\/2024-04-17_KOLOBRZEG-PLAZA-MILENIUM_FUNDAMENT-SYSTEM-WiEN.jpg\" \/>\n<meta name=\"twitter:card\" content=\"summary_large_image\" \/>\n<meta name=\"twitter:label1\" content=\"Szacowany czas czytania\" \/>\n\t<meta name=\"twitter:data1\" content=\"1 minuta\" \/>\n<script type=\"application\/ld+json\" class=\"yoast-schema-graph\">{\"@context\":\"https:\\\/\\\/schema.org\",\"@graph\":[{\"@type\":\"WebPage\",\"@id\":\"https:\\\/\\\/system.wien\\\/index.php\\\/realizacje\\\/iv-2024-pl-kolobrzeg-mosir-plaza-milenium-3-sezon\\\/\",\"url\":\"https:\\\/\\\/system.wien\\\/index.php\\\/realizacje\\\/iv-2024-pl-kolobrzeg-mosir-plaza-milenium-3-sezon\\\/\",\"name\":\"IV-2024 PL KO\u0141OBRZEG (MOSiR) Pla\u017ca MILENIUM 3 sezon - System.Wien\",\"isPartOf\":{\"@id\":\"https:\\\/\\\/system.wien\\\/#website\"},\"primaryImageOfPage\":{\"@id\":\"https:\\\/\\\/system.wien\\\/index.php\\\/realizacje\\\/iv-2024-pl-kolobrzeg-mosir-plaza-milenium-3-sezon\\\/#primaryimage\"},\"image\":{\"@id\":\"https:\\\/\\\/system.wien\\\/index.php\\\/realizacje\\\/iv-2024-pl-kolobrzeg-mosir-plaza-milenium-3-sezon\\\/#primaryimage\"},\"thumbnailUrl\":\"https:\\\/\\\/system.wien\\\/wp-content\\\/uploads\\\/2024\\\/04\\\/2024-04-17_KOLOBRZEG-PLAZA-MILENIUM_FUNDAMENT-SYSTEM-WiEN.jpg\",\"datePublished\":\"2024-04-21T15:45:54+00:00\",\"dateModified\":\"2024-04-21T17:52:56+00:00\",\"breadcrumb\":{\"@id\":\"https:\\\/\\\/system.wien\\\/index.php\\\/realizacje\\\/iv-2024-pl-kolobrzeg-mosir-plaza-milenium-3-sezon\\\/#breadcrumb\"},\"inLanguage\":\"pl-PL\",\"potentialAction\":[{\"@type\":\"ReadAction\",\"target\":[\"https:\\\/\\\/system.wien\\\/index.php\\\/realizacje\\\/iv-2024-pl-kolobrzeg-mosir-plaza-milenium-3-sezon\\\/\"]}]},{\"@type\":\"ImageObject\",\"inLanguage\":\"pl-PL\",\"@id\":\"https:\\\/\\\/system.wien\\\/index.php\\\/realizacje\\\/iv-2024-pl-kolobrzeg-mosir-plaza-milenium-3-sezon\\\/#primaryimage\",\"url\":\"https:\\\/\\\/system.wien\\\/wp-content\\\/uploads\\\/2024\\\/04\\\/2024-04-17_KOLOBRZEG-PLAZA-MILENIUM_FUNDAMENT-SYSTEM-WiEN.jpg\",\"contentUrl\":\"https:\\\/\\\/system.wien\\\/wp-content\\\/uploads\\\/2024\\\/04\\\/2024-04-17_KOLOBRZEG-PLAZA-MILENIUM_FUNDAMENT-SYSTEM-WiEN.jpg\",\"width\":1008,\"height\":756},{\"@type\":\"BreadcrumbList\",\"@id\":\"https:\\\/\\\/system.wien\\\/index.php\\\/realizacje\\\/iv-2024-pl-kolobrzeg-mosir-plaza-milenium-3-sezon\\\/#breadcrumb\",\"itemListElement\":[{\"@type\":\"ListItem\",\"position\":1,\"name\":\"Strona g\u0142\u00f3wna\",\"item\":\"https:\\\/\\\/system.wien\\\/\"},{\"@type\":\"ListItem\",\"position\":2,\"name\":\"Realizacje\",\"item\":\"https:\\\/\\\/system.wien\\\/index.php\\\/realizacje\\\/\"},{\"@type\":\"ListItem\",\"position\":3,\"name\":\"IV-2024 PL KO\u0141OBRZEG (MOSiR) Pla\u017ca MILENIUM 3 sezon\"}]},{\"@type\":\"WebSite\",\"@id\":\"https:\\\/\\\/system.wien\\\/#website\",\"url\":\"https:\\\/\\\/system.wien\\\/\",\"name\":\"System.Wien\",\"description\":\"Innowacja jest naszym hobby\",\"publisher\":{\"@id\":\"https:\\\/\\\/system.wien\\\/#organization\"},\"potentialAction\":[{\"@type\":\"SearchAction\",\"target\":{\"@type\":\"EntryPoint\",\"urlTemplate\":\"https:\\\/\\\/system.wien\\\/?s={search_term_string}\"},\"query-input\":{\"@type\":\"PropertyValueSpecification\",\"valueRequired\":true,\"valueName\":\"search_term_string\"}}],\"inLanguage\":\"pl-PL\"},{\"@type\":\"Organization\",\"@id\":\"https:\\\/\\\/system.wien\\\/#organization\",\"name\":\"System.Wien\",\"url\":\"https:\\\/\\\/system.wien\\\/\",\"logo\":{\"@type\":\"ImageObject\",\"inLanguage\":\"pl-PL\",\"@id\":\"https:\\\/\\\/system.wien\\\/#\\\/schema\\\/logo\\\/image\\\/\",\"url\":\"https:\\\/\\\/system.wien\\\/wp-content\\\/uploads\\\/2023\\\/01\\\/cropped-cropped-Logo_-512_o-1.png\",\"contentUrl\":\"https:\\\/\\\/system.wien\\\/wp-content\\\/uploads\\\/2023\\\/01\\\/cropped-cropped-Logo_-512_o-1.png\",\"width\":222,\"height\":228,\"caption\":\"System.Wien\"},\"image\":{\"@id\":\"https:\\\/\\\/system.wien\\\/#\\\/schema\\\/logo\\\/image\\\/\"},\"sameAs\":[\"https:\\\/\\\/www.facebook.com\\\/System.Wiedenski\",\"https:\\\/\\\/www.linkedin.com\\\/company\\\/system-wiedenski\\\/\"]}]}<\/script>\n<!-- \/ Yoast SEO plugin. -->","yoast_head_json":{"title":"IV-2024 PL KO\u0141OBRZEG (MOSiR) Pla\u017ca MILENIUM 3 sezon - System.Wien","robots":{"index":"index","follow":"follow","max-snippet":"max-snippet:-1","max-image-preview":"max-image-preview:large","max-video-preview":"max-video-preview:-1"},"canonical":"https:\/\/system.wien\/index.php\/realizacje\/iv-2024-pl-kolobrzeg-mosir-plaza-milenium-3-sezon\/","og_locale":"pl_PL","og_type":"article","og_title":"IV-2024 PL KO\u0141OBRZEG (MOSiR) Pla\u017ca MILENIUM 3 sezon - System.Wien","og_description":"MONTA\u017b\u00a0 (SERWIS\u00a024\/7) Gmina Miasto Ko\u0142obrzeg (MOSiR): \u201ePLA\u017bA MILENIUM\u201d = III sezon START IV-2024 Fundament \u015arubowy [System Wiede\u0144ski] = SERWIS (wiosenny) = monta\u017c Wracamy na pla\u017c\u0119 META X-2024\u00a0 zapraszamy do wsp\u00f3\u0142pracyContinue ReadingIV-2024 PL KO\u0141OBRZEG (MOSiR) Pla\u017ca MILENIUM 3 sezon","og_url":"https:\/\/system.wien\/index.php\/realizacje\/iv-2024-pl-kolobrzeg-mosir-plaza-milenium-3-sezon\/","og_site_name":"System.Wien","article_publisher":"https:\/\/www.facebook.com\/System.Wiedenski","article_modified_time":"2024-04-21T17:52:56+00:00","og_image":[{"url":"https:\/\/system.wien\/wp-content\/uploads\/2024\/04\/2024-04-17_KOLOBRZEG-PLAZA-MILENIUM_FUNDAMENT-SYSTEM-WiEN.jpg","type":"","width":"","height":""}],"twitter_card":"summary_large_image","twitter_misc":{"Szacowany czas czytania":"1 minuta"},"schema":{"@context":"https:\/\/schema.org","@graph":[{"@type":"WebPage","@id":"https:\/\/system.wien\/index.php\/realizacje\/iv-2024-pl-kolobrzeg-mosir-plaza-milenium-3-sezon\/","url":"https:\/\/system.wien\/index.php\/realizacje\/iv-2024-pl-kolobrzeg-mosir-plaza-milenium-3-sezon\/","name":"IV-2024 PL KO\u0141OBRZEG (MOSiR) Pla\u017ca MILENIUM 3 sezon - System.Wien","isPartOf":{"@id":"https:\/\/system.wien\/#website"},"primaryImageOfPage":{"@id":"https:\/\/system.wien\/index.php\/realizacje\/iv-2024-pl-kolobrzeg-mosir-plaza-milenium-3-sezon\/#primaryimage"},"image":{"@id":"https:\/\/system.wien\/index.php\/realizacje\/iv-2024-pl-kolobrzeg-mosir-plaza-milenium-3-sezon\/#primaryimage"},"thumbnailUrl":"https:\/\/system.wien\/wp-content\/uploads\/2024\/04\/2024-04-17_KOLOBRZEG-PLAZA-MILENIUM_FUNDAMENT-SYSTEM-WiEN.jpg","datePublished":"2024-04-21T15:45:54+00:00","dateModified":"2024-04-21T17:52:56+00:00","breadcrumb":{"@id":"https:\/\/system.wien\/index.php\/realizacje\/iv-2024-pl-kolobrzeg-mosir-plaza-milenium-3-sezon\/#breadcrumb"},"inLanguage":"pl-PL","potentialAction":[{"@type":"ReadAction","target":["https:\/\/system.wien\/index.php\/realizacje\/iv-2024-pl-kolobrzeg-mosir-plaza-milenium-3-sezon\/"]}]},{"@type":"ImageObject","inLanguage":"pl-PL","@id":"https:\/\/system.wien\/index.php\/realizacje\/iv-2024-pl-kolobrzeg-mosir-plaza-milenium-3-sezon\/#primaryimage","url":"https:\/\/system.wien\/wp-content\/uploads\/2024\/04\/2024-04-17_KOLOBRZEG-PLAZA-MILENIUM_FUNDAMENT-SYSTEM-WiEN.jpg","contentUrl":"https:\/\/system.wien\/wp-content\/uploads\/2024\/04\/2024-04-17_KOLOBRZEG-PLAZA-MILENIUM_FUNDAMENT-SYSTEM-WiEN.jpg","width":1008,"height":756},{"@type":"BreadcrumbList","@id":"https:\/\/system.wien\/index.php\/realizacje\/iv-2024-pl-kolobrzeg-mosir-plaza-milenium-3-sezon\/#breadcrumb","itemListElement":[{"@type":"ListItem","position":1,"name":"Strona g\u0142\u00f3wna","item":"https:\/\/system.wien\/"},{"@type":"ListItem","position":2,"name":"Realizacje","item":"https:\/\/system.wien\/index.php\/realizacje\/"},{"@type":"ListItem","position":3,"name":"IV-2024 PL KO\u0141OBRZEG (MOSiR) Pla\u017ca MILENIUM 3 sezon"}]},{"@type":"WebSite","@id":"https:\/\/system.wien\/#website","url":"https:\/\/system.wien\/","name":"System.Wien","description":"Innowacja jest naszym hobby","publisher":{"@id":"https:\/\/system.wien\/#organization"},"potentialAction":[{"@type":"SearchAction","target":{"@type":"EntryPoint","urlTemplate":"https:\/\/system.wien\/?s={search_term_string}"},"query-input":{"@type":"PropertyValueSpecification","valueRequired":true,"valueName":"search_term_string"}}],"inLanguage":"pl-PL"},{"@type":"Organization","@id":"https:\/\/system.wien\/#organization","name":"System.Wien","url":"https:\/\/system.wien\/","logo":{"@type":"ImageObject","inLanguage":"pl-PL","@id":"https:\/\/system.wien\/#\/schema\/logo\/image\/","url":"https:\/\/system.wien\/wp-content\/uploads\/2023\/01\/cropped-cropped-Logo_-512_o-1.png","contentUrl":"https:\/\/system.wien\/wp-content\/uploads\/2023\/01\/cropped-cropped-Logo_-512_o-1.png","width":222,"height":228,"caption":"System.Wien"},"image":{"@id":"https:\/\/system.wien\/#\/schema\/logo\/image\/"},"sameAs":["https:\/\/www.facebook.com\/System.Wiedenski","https:\/\/www.linkedin.com\/company\/system-wiedenski\/"]}]}},"_links":{"self":[{"href":"https:\/\/system.wien\/index.php\/wp-json\/wp\/v2\/pages\/1121","targetHints":{"allow":["GET"]}}],"collection":[{"href":"https:\/\/system.wien\/index.php\/wp-json\/wp\/v2\/pages"}],"about":[{"href":"https:\/\/system.wien\/index.php\/wp-json\/wp\/v2\/types\/page"}],"author":[{"embeddable":true,"href":"https:\/\/system.wien\/index.php\/wp-json\/wp\/v2\/users\/1"}],"replies":[{"embeddable":true,"href":"https:\/\/system.wien\/index.php\/wp-json\/wp\/v2\/comments?post=1121"}],"version-history":[{"count":6,"href":"https:\/\/system.wien\/index.php\/wp-json\/wp\/v2\/pages\/1121\/revisions"}],"predecessor-version":[{"id":1136,"href":"https:\/\/system.wien\/index.php\/wp-json\/wp\/v2\/pages\/1121\/revisions\/1136"}],"up":[{"embeddable":true,"href":"https:\/\/system.wien\/index.php\/wp-json\/wp\/v2\/pages\/90"}],"wp:attachment":[{"href":"https:\/\/system.wien\/index.php\/wp-json\/wp\/v2\/media?parent=1121"}],"curies":[{"name":"wp","href":"https:\/\/api.w.org\/{rel}","templated":true}]}}